{"id":2501,"date":"2024-09-27T20:47:24","date_gmt":"2024-09-27T20:47:24","guid":{"rendered":"https:\/\/printalert.be\/disclaimer\/"},"modified":"2024-10-24T08:13:03","modified_gmt":"2024-10-24T08:13:03","slug":"clausede-non-responsabilite","status":"publish","type":"page","link":"https:\/\/printalert.be\/fr\/clausede-non-responsabilite\/","title":{"rendered":"Clausede non-responsabilit\u00e9"},"content":{"rendered":"\t\t<div data-elementor-type=\"wp-page\" data-elementor-id=\"2501\" class=\"elementor elementor-2501 elementor-1959\">\n\t\t\t\t<div class=\"wd-negative-gap elementor-element elementor-element-ec04cd5 e-flex e-con-boxed e-con e-parent\" data-id=\"ec04cd5\" data-element_type=\"container\" data-e-type=\"container\">\n\t\t\t\t\t<div class=\"e-con-inner\">\n\t\t\t\t<div class=\"elementor-element elementor-element-bc88500 elementor-widget elementor-widget-wd_text_block\" data-id=\"bc88500\" data-element_type=\"widget\" data-e-type=\"widget\" data-widget_type=\"wd_text_block.default\">\n\t\t\t\t<div class=\"elementor-widget-container\">\n\t\t\t\t\t\t\t<div class=\"wd-text-block reset-last-child text-left\">\n\t\t\t\n\t\t\t<p>Cette clause de non-responsabilit\u00e9 ne s'applique pas aux transactions entre PrintAlert et les consommateurs !<\/p>\n\t\t\t\t\t<\/div>\n\t\t\t\t\t\t<\/div>\n\t\t\t\t<\/div>\n\t\t\t\t<div class=\"elementor-element elementor-element-54d7c7d wd-width-100 elementor-widget elementor-widget-wd_title\" data-id=\"54d7c7d\" data-element_type=\"widget\" data-e-type=\"widget\" data-widget_type=\"wd_title.default\">\n\t\t\t\t<div class=\"elementor-widget-container\">\n\t\t\t\t\t\t\t<div class=\"title-wrapper wd-set-mb reset-last-child wd-title-color-default wd-title-style-default wd-title-size-default text-left\">\n\n\t\t\t\n\t\t\t<div class=\"liner-continer\">\n\t\t\t\t<h4 class=\"woodmart-title-container title wd-fontsize-l\">D\u00e9finitions<\/h4> \n\t\t\t\t\t\t\t<\/div>\n\n\t\t\t\t\t\t\t<div class=\"title-after_title reset-last-child wd-fontsize-xs\">\n\t\t\t\t\t<p><strong>- La page web:<\/strong> Toute page web o\u00f9 l'\u00e9diteur inclut un lien hypertexte vers cette clause de non-responsabilit\u00e9, ayant pour but d'en r\u00e9gir l'application. <br \/><strong>- L'\u00e9diteur:<\/strong> L'\u00e9diteur comp\u00e9tent responsable de la page web. <br \/><strong>- Utilisation:<\/strong> Inclut, entre autres, le chargement, la connexion, la consultation, la lecture, la modification, la soumission (de formulaires), l'envoi, la copie temporaire, la sauvegarde, la transmission, la distribution, l'utilisation de services, ou la r\u00e9alisation d'actes juridiques (comme acheter, louer). <br \/><strong>- Vous:<\/strong> La personne physique ou morale utilisant la page web, repr\u00e9sent\u00e9e ou non. \u2028- Le contenu: Comprend notamment des textes, images, hyperliens, extraits audio et\/ou vid\u00e9o, ainsi que d'autres objets. <br \/><strong>- Dommages:<\/strong> Dommages directs ou indirects de toute nature, y compris la perte de donn\u00e9es, le manque \u00e0 gagner, la perte de revenus ou tout autre d\u00e9savantage \u00e9conomique. <br \/><strong>- Applicabilit\u00e9:<\/strong> Les dispositions suivantes s'appliquent \u00e0 la page web. En utilisant la page web, vous acceptez cette clause de non-responsabilit\u00e9: <br \/><strong>- Mise \u00e0 jour du contenu:<\/strong> L'\u00e9diteur fait de son mieux pour actualiser et\/ou compl\u00e9ter r\u00e9guli\u00e8rement le contenu de la page web. <br \/><strong>- Absence de garanties:<\/strong> L'\u00e9diteur fournit le contenu tel qu'il est disponible, sans garantie explicite ou implicite quant \u00e0 son ad\u00e9quation \u00e0 un usage particulier ou \u00e0 toute autre fin. <br \/><strong>- Limitation de responsabilit\u00e9:<\/strong> L'\u00e9diteur d\u00e9cline toute responsabilit\u00e9 pour les dommages d\u00e9coulant de l'utilisation de la page web ou de l'impossibilit\u00e9 d'y acc\u00e9der. <br \/><strong>- Modifications et cessation:<\/strong> L'\u00e9diteur se r\u00e9serve le droit de modifier ou de mettre fin \u00e0 la page web \u00e0 tout moment, avec ou sans pr\u00e9avis. Il n'est pas responsable des cons\u00e9quences li\u00e9es \u00e0 ces modifications ou interruptions. <br \/><strong>- Liens vers des tiers:<\/strong> Outre cette clause de non-responsabilit\u00e9, l'\u00e9diteur n'est pas responsable des fichiers tiers li\u00e9s \u00e0 la page web. Un lien ne signifie pas une approbation de ces fichiers. <br \/><strong>- Droits de propri\u00e9t\u00e9 intellectuelle et vie priv\u00e9e:<\/strong> L'utilisation non autoris\u00e9e ou abusive de la page web ou de son contenu peut constituer une violation des droits de propri\u00e9t\u00e9 intellectuelle, des lois sur la protection de la vie priv\u00e9e, et d'autres r\u00e9glementations. Vous \u00eates responsable de tout ce que vous transmettez \u00e0 partir de la page web. <br \/><strong>- Interdiction d'acc\u00e8s:<\/strong> L'\u00e9diteur se r\u00e9serve le droit de vous refuser l'acc\u00e8s \u00e0 la page web et\/ou \u00e0 certains services offerts. Il peut \u00e9galement surveiller l'acc\u00e8s \u00e0 la page. <br \/><strong>- Indemnisation:<\/strong> Vous acceptez d'indemniser l'\u00e9diteur, ses employ\u00e9s, repr\u00e9sentants, partenaires commerciaux et l'auteur de cette clause contre toute r\u00e9clamation ou action juridique, y compris les frais judiciaires et comptables, li\u00e9e \u00e0 votre utilisation de la page web, \u00e0 une violation des lois ou des droits de tiers. <br \/><strong>- Enregistrement des appels t\u00e9l\u00e9phoniques:<\/strong> Pour des raisons de formation, les appels t\u00e9l\u00e9phoniques peuvent \u00eatre enregistr\u00e9s. Ces enregistrements sont utilis\u00e9s en interne pour am\u00e9liorer la qualit\u00e9 du service.<\/p>\t\t\t\t<\/div>\n\t\t\t\t\t<\/div>\n\t\t\t\t\t\t<\/div>\n\t\t\t\t<\/div>\n\t\t\t\t\t<\/div>\n\t\t\t\t<\/div>\n\t\t\t\t<\/div>\n\t\t","protected":false},"excerpt":{"rendered":"<p>Cette clause de non-responsabilit\u00e9 ne s&rsquo;applique pas aux transactions entre PrintAlert et les consommateurs ! D\u00e9finitions &#8211; La page web:<\/p>\n","protected":false},"author":1,"featured_media":0,"parent":0,"menu_order":0,"comment_status":"closed","ping_status":"closed","template":"","meta":{"brand_hub_restriction":[],"brand_hub_id":null,"footnotes":""},"class_list":["post-2501","page","type-page","status-publish","hentry"],"_links":{"self":[{"href":"https:\/\/printalert.be\/fr\/wp-json\/wp\/v2\/pages\/2501","targetHints":{"allow":["GET"]}}],"collection":[{"href":"https:\/\/printalert.be\/fr\/wp-json\/wp\/v2\/pages"}],"about":[{"href":"https:\/\/printalert.be\/fr\/wp-json\/wp\/v2\/types\/page"}],"author":[{"embeddable":true,"href":"https:\/\/printalert.be\/fr\/wp-json\/wp\/v2\/users\/1"}],"replies":[{"embeddable":true,"href":"https:\/\/printalert.be\/fr\/wp-json\/wp\/v2\/comments?post=2501"}],"version-history":[{"count":4,"href":"https:\/\/printalert.be\/fr\/wp-json\/wp\/v2\/pages\/2501\/revisions"}],"predecessor-version":[{"id":2509,"href":"https:\/\/printalert.be\/fr\/wp-json\/wp\/v2\/pages\/2501\/revisions\/2509"}],"wp:attachment":[{"href":"https:\/\/printalert.be\/fr\/wp-json\/wp\/v2\/media?parent=2501"}],"curies":[{"name":"wp","href":"https:\/\/api.w.org\/{rel}","templated":true}]}}