{"id":2598,"date":"2024-09-27T20:52:39","date_gmt":"2024-09-27T20:52:39","guid":{"rendered":"https:\/\/printalert.be\/privacyverklaring\/"},"modified":"2024-11-07T10:40:58","modified_gmt":"2024-11-07T10:40:58","slug":"declaration-de-confidentialite","status":"publish","type":"page","link":"https:\/\/printalert.be\/fr\/declaration-de-confidentialite\/","title":{"rendered":"D\u00e9claration de confidentialit\u00e9"},"content":{"rendered":"\t\t<div data-elementor-type=\"wp-page\" data-elementor-id=\"2598\" class=\"elementor elementor-2598 elementor-1964\">\n\t\t\t\t<div class=\"wd-negative-gap elementor-element elementor-element-f8ca042 e-flex e-con-boxed e-con e-parent\" data-id=\"f8ca042\" data-element_type=\"container\" data-e-type=\"container\">\n\t\t\t\t\t<div class=\"e-con-inner\">\n\t\t\t\t<div class=\"elementor-element elementor-element-867eb0a elementor-widget elementor-widget-wd_text_block\" data-id=\"867eb0a\" data-element_type=\"widget\" data-e-type=\"widget\" data-widget_type=\"wd_text_block.default\">\n\t\t\t\t<div class=\"elementor-widget-container\">\n\t\t\t\t\t\t\t<div class=\"wd-text-block reset-last-child text-left\">\n\t\t\t\n\t\t\t<p>Chez PrintAlert, nous accordons une grande importance \u00e0 la confidentialit\u00e9 de nos clients et visiteurs. Cette politique de confidentialit\u00e9 explique les donn\u00e9es que nous recueillons lorsque vous visitez notre site ou passez une commande, comment nous les utilisons et les s\u00e9curisons, ainsi que vos droits.<\/p>\n\t\t\t\t\t<\/div>\n\t\t\t\t\t\t<\/div>\n\t\t\t\t<\/div>\n\t\t\t\t<div class=\"elementor-element elementor-element-96b63fd wd-width-100 elementor-widget elementor-widget-wd_title\" data-id=\"96b63fd\" data-element_type=\"widget\" data-e-type=\"widget\" data-widget_type=\"wd_title.default\">\n\t\t\t\t<div class=\"elementor-widget-container\">\n\t\t\t\t\t\t\t<div class=\"title-wrapper wd-set-mb reset-last-child wd-title-color-default wd-title-style-default wd-title-size-default text-left\">\n\n\t\t\t\n\t\t\t<div class=\"liner-continer\">\n\t\t\t\t<h4 class=\"woodmart-title-container title wd-fontsize-l\">Application de la politique de confidentialit\u00e9<\/h4> \n\t\t\t\t\t\t\t<\/div>\n\n\t\t\t\t\t\t\t<div class=\"title-after_title reset-last-child wd-fontsize-xs\">\n\t\t\t\t\t<p>Cette politique s'applique \u00e0 toutes les interactions avec PrintAlert, telles que les visites du site, les achats ou la participation \u00e0 des promotions. Elle ne s'applique pas aux sites tiers qui peuvent contenir des liens vers notre site.<\/p>\t\t\t\t<\/div>\n\t\t\t\t\t<\/div>\n\t\t\t\t\t\t<\/div>\n\t\t\t\t<\/div>\n\t\t\t\t<div class=\"elementor-element elementor-element-b3077d4 wd-width-100 elementor-widget elementor-widget-wd_title\" data-id=\"b3077d4\" data-element_type=\"widget\" data-e-type=\"widget\" data-widget_type=\"wd_title.default\">\n\t\t\t\t<div class=\"elementor-widget-container\">\n\t\t\t\t\t\t\t<div class=\"title-wrapper wd-set-mb reset-last-child wd-title-color-default wd-title-style-default wd-title-size-default text-left\">\n\n\t\t\t\n\t\t\t<div class=\"liner-continer\">\n\t\t\t\t<h4 class=\"woodmart-title-container title wd-fontsize-l\">Donn\u00e9es que nous recueillons<\/h4> \n\t\t\t\t\t\t\t<\/div>\n\n\t\t\t\t\t\t\t<div class=\"title-after_title reset-last-child wd-fontsize-xs\">\n\t\t\t\t\t<ol><li><strong>Donn\u00e9es fournies par vous<\/strong><br \/>Lors de la commande, nous collectons des informations personnelles comme le nom, l'adresse, le num\u00e9ro de t\u00e9l\u00e9phone et les informations de paiement pour traiter votre commande. Nous recueillons \u00e9galement les informations que vous saisissez vous-m\u00eame, comme votre adresse e-mail pour les newsletters ou lorsque vous contactez notre service client.<\/li><li><strong>Donn\u00e9es collect\u00e9es automatiquement<\/strong><br \/>Nous recueillons aussi des informations sur votre visite de notre site, comme votre adresse IP, les d\u00e9tails du navigateur, ainsi que la date et l\u2019heure de votre visite. Cela nous permet d\u2019optimiser notre site et d\u2019am\u00e9liorer votre exp\u00e9rience. Nous ne collectons pas de donn\u00e9es aupr\u00e8s de visiteurs de moins de 16 ans sans le consentement d'un parent ou d'un tuteur.<\/li><\/ol>\t\t\t\t<\/div>\n\t\t\t\t\t<\/div>\n\t\t\t\t\t\t<\/div>\n\t\t\t\t<\/div>\n\t\t\t\t<div class=\"elementor-element elementor-element-96c4a96 wd-width-100 elementor-widget elementor-widget-wd_title\" data-id=\"96c4a96\" data-element_type=\"widget\" data-e-type=\"widget\" data-widget_type=\"wd_title.default\">\n\t\t\t\t<div class=\"elementor-widget-container\">\n\t\t\t\t\t\t\t<div class=\"title-wrapper wd-set-mb reset-last-child wd-title-color-default wd-title-style-default wd-title-size-default text-left\">\n\n\t\t\t\n\t\t\t<div class=\"liner-continer\">\n\t\t\t\t<h4 class=\"woodmart-title-container title wd-fontsize-l\">Cookies et techniques similaires<\/h4> \n\t\t\t\t\t\t\t<\/div>\n\n\t\t\t\t\t\t\t<div class=\"title-after_title reset-last-child wd-fontsize-xs\">\n\t\t\t\t\t<p>PrintAlert utilise des cookies pour assurer le bon fonctionnement du site et m\u00e9moriser vos pr\u00e9f\u00e9rences. Des cookies sont \u00e9galement utilis\u00e9s pour afficher des publicit\u00e9s personnalis\u00e9es et suivre des statistiques. Lors de votre premi\u00e8re visite, nous vous informons de l'utilisation de cookies et demandons votre consentement.<\/p>\t\t\t\t<\/div>\n\t\t\t\t\t<\/div>\n\t\t\t\t\t\t<\/div>\n\t\t\t\t<\/div>\n\t\t\t\t<div class=\"elementor-element elementor-element-d9b1e9f wd-width-100 elementor-widget elementor-widget-wd_title\" data-id=\"d9b1e9f\" data-element_type=\"widget\" data-e-type=\"widget\" data-widget_type=\"wd_title.default\">\n\t\t\t\t<div class=\"elementor-widget-container\">\n\t\t\t\t\t\t\t<div class=\"title-wrapper wd-set-mb reset-last-child wd-title-color-default wd-title-style-default wd-title-size-default text-left\">\n\n\t\t\t\n\t\t\t<div class=\"liner-continer\">\n\t\t\t\t<h4 class=\"woodmart-title-container title wd-fontsize-l\">Utilisation de vos donn\u00e9es<\/h4> \n\t\t\t\t\t\t\t<\/div>\n\n\t\t\t\t\t\t\t<div class=\"title-after_title reset-last-child wd-fontsize-xs\">\n\t\t\t\t\t<p>Vos donn\u00e9es sont utilis\u00e9es pour :<\/p><ul><li><strong>Traitement des commandes :<\/strong> Pour traiter et livrer votre commande.<\/li><li><strong>Gestion de compte :<\/strong> Si vous avez un compte, nous stockons des informations comme l\u2019adresse de livraison et l\u2019historique des commandes.<\/li><li><strong>Marketing :<\/strong> Nous pouvons utiliser vos informations pour envoyer des offres et des newsletters.<\/li><li><strong>Service client :<\/strong> Vos donn\u00e9es sont utilis\u00e9es pour r\u00e9pondre rapidement \u00e0 vos questions et am\u00e9liorer le service client.<\/li><li><strong>Pr\u00e9vention de fraude :<\/strong> Les informations peuvent \u00eatre utilis\u00e9es pour pr\u00e9venir la fraude et se conformer aux obligations l\u00e9gales.<\/li><\/ul>\t\t\t\t<\/div>\n\t\t\t\t\t<\/div>\n\t\t\t\t\t\t<\/div>\n\t\t\t\t<\/div>\n\t\t\t\t<div class=\"elementor-element elementor-element-0ff5888 wd-width-100 elementor-widget elementor-widget-wd_title\" data-id=\"0ff5888\" data-element_type=\"widget\" data-e-type=\"widget\" data-widget_type=\"wd_title.default\">\n\t\t\t\t<div class=\"elementor-widget-container\">\n\t\t\t\t\t\t\t<div class=\"title-wrapper wd-set-mb reset-last-child wd-title-color-default wd-title-style-default wd-title-size-default text-left\">\n\n\t\t\t\n\t\t\t<div class=\"liner-continer\">\n\t\t\t\t<h4 class=\"woodmart-title-container title wd-fontsize-l\">Partage des donn\u00e9es avec des tiers<\/h4> \n\t\t\t\t\t\t\t<\/div>\n\n\t\t\t\t\t\t\t<div class=\"title-after_title reset-last-child wd-fontsize-xs\">\n\t\t\t\t\t<p>PrintAlert partage vos donn\u00e9es avec des tiers uniquement lorsque cela est n\u00e9cessaire pour fournir nos services, par exemple avec des prestataires de paiement et de livraison. Nous veillons \u00e0 ce qu'ils traitent vos donn\u00e9es de mani\u00e8re responsable.<\/p>\t\t\t\t<\/div>\n\t\t\t\t\t<\/div>\n\t\t\t\t\t\t<\/div>\n\t\t\t\t<\/div>\n\t\t\t\t<div class=\"elementor-element elementor-element-36eaedc wd-width-100 elementor-widget elementor-widget-wd_title\" data-id=\"36eaedc\" data-element_type=\"widget\" data-e-type=\"widget\" data-widget_type=\"wd_title.default\">\n\t\t\t\t<div class=\"elementor-widget-container\">\n\t\t\t\t\t\t\t<div class=\"title-wrapper wd-set-mb reset-last-child wd-title-color-default wd-title-style-default wd-title-size-default text-left\">\n\n\t\t\t\n\t\t\t<div class=\"liner-continer\">\n\t\t\t\t<h4 class=\"woodmart-title-container title wd-fontsize-l\">S\u00e9curit\u00e9 des donn\u00e9es<\/h4> \n\t\t\t\t\t\t\t<\/div>\n\n\t\t\t\t\t\t\t<div class=\"title-after_title reset-last-child wd-fontsize-xs\">\n\t\t\t\t\t<p>Nous prenons des mesures appropri\u00e9es pour prot\u00e9ger vos donn\u00e9es. Votre compte et les informations de commande sont prot\u00e9g\u00e9s par des identifiants uniques. Si vous soup\u00e7onnez que vos donn\u00e9es ne sont pas bien prot\u00e9g\u00e9es, veuillez nous contacter \u00e0 privacy@printalert.be.<\/p>\t\t\t\t<\/div>\n\t\t\t\t\t<\/div>\n\t\t\t\t\t\t<\/div>\n\t\t\t\t<\/div>\n\t\t\t\t<div class=\"elementor-element elementor-element-4a261ce wd-width-100 elementor-widget elementor-widget-wd_title\" data-id=\"4a261ce\" data-element_type=\"widget\" data-e-type=\"widget\" data-widget_type=\"wd_title.default\">\n\t\t\t\t<div class=\"elementor-widget-container\">\n\t\t\t\t\t\t\t<div class=\"title-wrapper wd-set-mb reset-last-child wd-title-color-default wd-title-style-default wd-title-size-default text-left\">\n\n\t\t\t\n\t\t\t<div class=\"liner-continer\">\n\t\t\t\t<h4 class=\"woodmart-title-container title wd-fontsize-l\">Vos droits<\/h4> \n\t\t\t\t\t\t\t<\/div>\n\n\t\t\t\t\t\t\t<div class=\"title-after_title reset-last-child wd-fontsize-xs\">\n\t\t\t\t\t<p>Vous avez le droit d'acc\u00e9der \u00e0 vos donn\u00e9es, de les modifier, de les supprimer ou de vous opposer \u00e0 leur traitement. Vous pouvez nous contacter \u00e0 privacy@printalert.be pour exercer ces droits. Si vous ne souhaitez plus recevoir de newsletters, vous pouvez facilement vous d\u00e9sabonner via le lien dans la newsletter.<\/p>\t\t\t\t<\/div>\n\t\t\t\t\t<\/div>\n\t\t\t\t\t\t<\/div>\n\t\t\t\t<\/div>\n\t\t\t\t<div class=\"elementor-element elementor-element-3dda5a8 wd-width-100 elementor-widget elementor-widget-wd_title\" data-id=\"3dda5a8\" data-element_type=\"widget\" data-e-type=\"widget\" data-widget_type=\"wd_title.default\">\n\t\t\t\t<div class=\"elementor-widget-container\">\n\t\t\t\t\t\t\t<div class=\"title-wrapper wd-set-mb reset-last-child wd-title-color-default wd-title-style-default wd-title-size-default text-left\">\n\n\t\t\t\n\t\t\t<div class=\"liner-continer\">\n\t\t\t\t<h4 class=\"woodmart-title-container title wd-fontsize-l\">Modifications de cette politique<\/h4> \n\t\t\t\t\t\t\t<\/div>\n\n\t\t\t\t\t\t\t<div class=\"title-after_title reset-last-child wd-fontsize-xs\">\n\t\t\t\t\t<p>Nous nous r\u00e9servons le droit de modifier cette politique de confidentialit\u00e9. Les mises \u00e0 jour seront publi\u00e9es sur notre site. Si vous avez des questions concernant cette politique de confidentialit\u00e9, n'h\u00e9sitez pas \u00e0 contacter notre service client par e-mail, t\u00e9l\u00e9phone ou courrier.<\/p>\t\t\t\t<\/div>\n\t\t\t\t\t<\/div>\n\t\t\t\t\t\t<\/div>\n\t\t\t\t<\/div>\n\t\t\t\t\t<\/div>\n\t\t\t\t<\/div>\n\t\t\t\t<\/div>\n\t\t","protected":false},"excerpt":{"rendered":"<p>Chez PrintAlert, nous accordons une grande importance \u00e0 la confidentialit\u00e9 de nos clients et visiteurs. Cette politique de confidentialit\u00e9 explique<\/p>\n","protected":false},"author":1,"featured_media":0,"parent":0,"menu_order":0,"comment_status":"closed","ping_status":"closed","template":"","meta":{"brand_hub_restriction":[],"brand_hub_id":null,"footnotes":""},"class_list":["post-2598","page","type-page","status-publish","hentry"],"_links":{"self":[{"href":"https:\/\/printalert.be\/fr\/wp-json\/wp\/v2\/pages\/2598","targetHints":{"allow":["GET"]}}],"collection":[{"href":"https:\/\/printalert.be\/fr\/wp-json\/wp\/v2\/pages"}],"about":[{"href":"https:\/\/printalert.be\/fr\/wp-json\/wp\/v2\/types\/page"}],"author":[{"embeddable":true,"href":"https:\/\/printalert.be\/fr\/wp-json\/wp\/v2\/users\/1"}],"replies":[{"embeddable":true,"href":"https:\/\/printalert.be\/fr\/wp-json\/wp\/v2\/comments?post=2598"}],"version-history":[{"count":7,"href":"https:\/\/printalert.be\/fr\/wp-json\/wp\/v2\/pages\/2598\/revisions"}],"predecessor-version":[{"id":2753,"href":"https:\/\/printalert.be\/fr\/wp-json\/wp\/v2\/pages\/2598\/revisions\/2753"}],"wp:attachment":[{"href":"https:\/\/printalert.be\/fr\/wp-json\/wp\/v2\/media?parent=2598"}],"curies":[{"name":"wp","href":"https:\/\/api.w.org\/{rel}","templated":true}]}}