{"id":3236,"date":"2025-03-18T14:15:47","date_gmt":"2025-03-18T14:15:47","guid":{"rendered":"https:\/\/printalert.be\/super-service-gericht\/"},"modified":"2025-03-18T15:00:24","modified_gmt":"2025-03-18T15:00:24","slug":"service-client-exceptionnel","status":"publish","type":"page","link":"https:\/\/printalert.be\/fr\/service-client-exceptionnel\/","title":{"rendered":"Service client exceptionnel"},"content":{"rendered":"\t\t<div data-elementor-type=\"wp-page\" data-elementor-id=\"3236\" class=\"elementor elementor-3236 elementor-3162\">\n\t\t\t\t<div class=\"wd-negative-gap elementor-element elementor-element-ec04cd5 e-flex e-con-boxed e-con e-parent\" data-id=\"ec04cd5\" data-element_type=\"container\" data-e-type=\"container\">\n\t\t\t\t\t<div class=\"e-con-inner\">\n\t\t\t\t<div class=\"elementor-element elementor-element-bc88500 elementor-widget elementor-widget-wd_text_block\" data-id=\"bc88500\" data-element_type=\"widget\" data-e-type=\"widget\" data-widget_type=\"wd_text_block.default\">\n\t\t\t\t<div class=\"elementor-widget-container\">\n\t\t\t\t\t\t\t<div class=\"wd-text-block reset-last-child text-left\">\n\t\t\t\n\t\t\t<p><strong>La satisfaction de nos clients est notre priorit\u00e9.<\/strong><br \/>Nous comprenons que passer des commandes d'impressions en ligne peut sembler compliqu\u00e9, surtout si vous n'\u00eates pas familier avec les d\u00e9tails techniques ou le rendu final. C'est pourquoi nous faisons tout notre possible pour vous soutenir. Notre service client est facilement joignable par e-mail et live chat, pr\u00eat \u00e0 r\u00e9pondre \u00e0 toutes vos questions.<\/p><p>Vous avez besoin d'aide pour choisir les bonnes options ou pour v\u00e9rifier vos fichiers avant l'impression ? Pas de probl\u00e8me ! Notre \u00e9quipe d'experts est l\u00e0 pour vous accompagner \u00e0 chaque \u00e9tape avec des conseils personnalis\u00e9s. Nous prenons le temps de r\u00e9pondre \u00e0 vos pr\u00e9occupations et nous nous assurons que votre projet corresponde \u00e0 vos attentes. Faites confiance \u00e0 notre savoir-faire pour une exp\u00e9rience d'impression simple et sans stress.<\/p>\n\t\t\t\t\t<\/div>\n\t\t\t\t\t\t<\/div>\n\t\t\t\t<\/div>\n\t\t\t\t\t<\/div>\n\t\t\t\t<\/div>\n\t\t\t\t<\/div>\n\t\t","protected":false},"excerpt":{"rendered":"<p>La satisfaction de nos clients est notre priorit\u00e9.Nous comprenons que passer des commandes d&rsquo;impressions en ligne peut sembler compliqu\u00e9, surtout<\/p>\n","protected":false},"author":1,"featured_media":0,"parent":0,"menu_order":0,"comment_status":"closed","ping_status":"closed","template":"","meta":{"brand_hub_restriction":[],"brand_hub_id":null,"footnotes":""},"class_list":["post-3236","page","type-page","status-publish","hentry"],"_links":{"self":[{"href":"https:\/\/printalert.be\/fr\/wp-json\/wp\/v2\/pages\/3236","targetHints":{"allow":["GET"]}}],"collection":[{"href":"https:\/\/printalert.be\/fr\/wp-json\/wp\/v2\/pages"}],"about":[{"href":"https:\/\/printalert.be\/fr\/wp-json\/wp\/v2\/types\/page"}],"author":[{"embeddable":true,"href":"https:\/\/printalert.be\/fr\/wp-json\/wp\/v2\/users\/1"}],"replies":[{"embeddable":true,"href":"https:\/\/printalert.be\/fr\/wp-json\/wp\/v2\/comments?post=3236"}],"version-history":[{"count":4,"href":"https:\/\/printalert.be\/fr\/wp-json\/wp\/v2\/pages\/3236\/revisions"}],"predecessor-version":[{"id":3244,"href":"https:\/\/printalert.be\/fr\/wp-json\/wp\/v2\/pages\/3236\/revisions\/3244"}],"wp:attachment":[{"href":"https:\/\/printalert.be\/fr\/wp-json\/wp\/v2\/media?parent=3236"}],"curies":[{"name":"wp","href":"https:\/\/api.w.org\/{rel}","templated":true}]}}