{"id":3245,"date":"2025-03-18T14:16:49","date_gmt":"2025-03-18T14:16:49","guid":{"rendered":"https:\/\/printalert.be\/snelle-levering\/"},"modified":"2025-03-18T15:01:53","modified_gmt":"2025-03-18T15:01:53","slug":"livraison-rapide","status":"publish","type":"page","link":"https:\/\/printalert.be\/fr\/livraison-rapide\/","title":{"rendered":"Livraison rapide"},"content":{"rendered":"\t\t<div data-elementor-type=\"wp-page\" data-elementor-id=\"3245\" class=\"elementor elementor-3245 elementor-3167\">\n\t\t\t\t<div class=\"wd-negative-gap elementor-element elementor-element-ec04cd5 e-flex e-con-boxed e-con e-parent\" data-id=\"ec04cd5\" data-element_type=\"container\" data-e-type=\"container\">\n\t\t\t\t\t<div class=\"e-con-inner\">\n\t\t\t\t<div class=\"elementor-element elementor-element-bc88500 elementor-widget elementor-widget-wd_text_block\" data-id=\"bc88500\" data-element_type=\"widget\" data-e-type=\"widget\" data-widget_type=\"wd_text_block.default\">\n\t\t\t\t<div class=\"elementor-widget-container\">\n\t\t\t\t\t\t\t<div class=\"wd-text-block reset-last-child text-left\">\n\t\t\t\n\t\t\t<p><strong>Une impression rapide et efficace pour r\u00e9pondre \u00e0 vos d\u00e9lais<\/strong><br \/>Nous comprenons l'importance du temps quand il s'agit d'obtenir des imprim\u00e9s, que ce soit pour des \u00e9v\u00e9nements, des campagnes marketing ou des pr\u00e9sentations professionnelles. C'est pourquoi nous am\u00e9liorons chaque \u00e9tape du processus pour traiter et exp\u00e9dier votre commande rapidement.<\/p><p>D\u00e8s que vous validez votre commande, la production commence imm\u00e9diatement pour assurer une impression pr\u00e9cise et une exp\u00e9dition rapide. Gr\u00e2ce \u00e0 nos technologies d'impression de pointe et \u00e0 nos processus optimis\u00e9s, nous garantissons des d\u00e9lais de livraison courts, souvent sous 24 \u00e0 48 heures selon le produit et la finition choisie.<\/p><p>Vous avez besoin d'une impression en urgence ? De nombreux produits sont disponibles en option express, avec une livraison possible d\u00e8s le lendemain. Lors du paiement, vous trouverez clairement les options d'exp\u00e9dition afin de choisir celle qui s'adapte le mieux \u00e0 votre emploi du temps. Profitez ainsi d'un service fiable et rapide, sans aucune attente inutile !<\/p>\n\t\t\t\t\t<\/div>\n\t\t\t\t\t\t<\/div>\n\t\t\t\t<\/div>\n\t\t\t\t\t<\/div>\n\t\t\t\t<\/div>\n\t\t\t\t<\/div>\n\t\t","protected":false},"excerpt":{"rendered":"<p>Une impression rapide et efficace pour r\u00e9pondre \u00e0 vos d\u00e9laisNous comprenons l&rsquo;importance du temps quand il s&rsquo;agit d&rsquo;obtenir des imprim\u00e9s,<\/p>\n","protected":false},"author":1,"featured_media":0,"parent":0,"menu_order":0,"comment_status":"closed","ping_status":"closed","template":"","meta":{"brand_hub_restriction":[],"brand_hub_id":null,"footnotes":""},"class_list":["post-3245","page","type-page","status-publish","hentry"],"_links":{"self":[{"href":"https:\/\/printalert.be\/fr\/wp-json\/wp\/v2\/pages\/3245","targetHints":{"allow":["GET"]}}],"collection":[{"href":"https:\/\/printalert.be\/fr\/wp-json\/wp\/v2\/pages"}],"about":[{"href":"https:\/\/printalert.be\/fr\/wp-json\/wp\/v2\/types\/page"}],"author":[{"embeddable":true,"href":"https:\/\/printalert.be\/fr\/wp-json\/wp\/v2\/users\/1"}],"replies":[{"embeddable":true,"href":"https:\/\/printalert.be\/fr\/wp-json\/wp\/v2\/comments?post=3245"}],"version-history":[{"count":4,"href":"https:\/\/printalert.be\/fr\/wp-json\/wp\/v2\/pages\/3245\/revisions"}],"predecessor-version":[{"id":3249,"href":"https:\/\/printalert.be\/fr\/wp-json\/wp\/v2\/pages\/3245\/revisions\/3249"}],"wp:attachment":[{"href":"https:\/\/printalert.be\/fr\/wp-json\/wp\/v2\/media?parent=3245"}],"curies":[{"name":"wp","href":"https:\/\/api.w.org\/{rel}","templated":true}]}}