{"id":3250,"date":"2025-03-18T14:17:00","date_gmt":"2025-03-18T14:17:00","guid":{"rendered":"https:\/\/printalert.be\/breed-assortiment\/"},"modified":"2025-03-18T15:03:21","modified_gmt":"2025-03-18T15:03:21","slug":"large-gamme-de-produits","status":"publish","type":"page","link":"https:\/\/printalert.be\/fr\/large-gamme-de-produits\/","title":{"rendered":"Large gamme de produits"},"content":{"rendered":"\t\t<div data-elementor-type=\"wp-page\" data-elementor-id=\"3250\" class=\"elementor elementor-3250 elementor-3169\">\n\t\t\t\t<div class=\"wd-negative-gap elementor-element elementor-element-ec04cd5 e-flex e-con-boxed e-con e-parent\" data-id=\"ec04cd5\" data-element_type=\"container\" data-e-type=\"container\">\n\t\t\t\t\t<div class=\"e-con-inner\">\n\t\t\t\t<div class=\"elementor-element elementor-element-bc88500 elementor-widget elementor-widget-wd_text_block\" data-id=\"bc88500\" data-element_type=\"widget\" data-e-type=\"widget\" data-widget_type=\"wd_text_block.default\">\n\t\t\t\t<div class=\"elementor-widget-container\">\n\t\t\t\t\t\t\t<div class=\"wd-text-block reset-last-child text-left\">\n\t\t\t\n\t\t\t<p><strong>Un vaste \u00e9ventail d'imprim\u00e9s pour satisfaire tous vos besoins<\/strong><br \/>Nous proposons une diversit\u00e9 de produits d'impression afin que vous trouviez toujours la solution parfaite pour votre projet. Que vous soyez \u00e0 la recherche de cartes de visite, de flyers, d'affiches, de d\u00e9pliants, de stickers, de brochures ou encore de supports grand format tels que des b\u00e2ches et des roll-ups, nous avons tout ce qu'il vous faut.<\/p><p>Notre catalogue a \u00e9t\u00e9 soigneusement \u00e9labor\u00e9 pour r\u00e9pondre aux attentes des entreprises et des particuliers. Chaque produit est propos\u00e9 en diff\u00e9rents formats, types de papier et finitions, offrant ainsi une personnalisation compl\u00e8te. Pour un aspect haut de gamme, choisissez un papier \u00e9pais ou des finitions \u00e9l\u00e9gantes comme le vernis s\u00e9lectif ou le marquage \u00e0 chaud. Si vous privil\u00e9giez une option \u00e9coresponsable, n'h\u00e9sitez pas \u00e0 explorer nos choix en papier recycl\u00e9 et durable.<\/p><p>Quel que soit votre choix, nous assurons une impression professionnelle qui mettra parfaitement en avant votre marque ou votre campagne promotionnelle. D\u00e9couvrez toutes nos options et transformez votre design en un v\u00e9ritable atout visuel!<\/p>\n\t\t\t\t\t<\/div>\n\t\t\t\t\t\t<\/div>\n\t\t\t\t<\/div>\n\t\t\t\t\t<\/div>\n\t\t\t\t<\/div>\n\t\t\t\t<\/div>\n\t\t","protected":false},"excerpt":{"rendered":"<p>Un vaste \u00e9ventail d&rsquo;imprim\u00e9s pour satisfaire tous vos besoinsNous proposons une diversit\u00e9 de produits d&rsquo;impression afin que vous trouviez toujours<\/p>\n","protected":false},"author":1,"featured_media":0,"parent":0,"menu_order":0,"comment_status":"closed","ping_status":"closed","template":"","meta":{"brand_hub_restriction":[],"brand_hub_id":null,"footnotes":""},"class_list":["post-3250","page","type-page","status-publish","hentry"],"_links":{"self":[{"href":"https:\/\/printalert.be\/fr\/wp-json\/wp\/v2\/pages\/3250","targetHints":{"allow":["GET"]}}],"collection":[{"href":"https:\/\/printalert.be\/fr\/wp-json\/wp\/v2\/pages"}],"about":[{"href":"https:\/\/printalert.be\/fr\/wp-json\/wp\/v2\/types\/page"}],"author":[{"embeddable":true,"href":"https:\/\/printalert.be\/fr\/wp-json\/wp\/v2\/users\/1"}],"replies":[{"embeddable":true,"href":"https:\/\/printalert.be\/fr\/wp-json\/wp\/v2\/comments?post=3250"}],"version-history":[{"count":4,"href":"https:\/\/printalert.be\/fr\/wp-json\/wp\/v2\/pages\/3250\/revisions"}],"predecessor-version":[{"id":3254,"href":"https:\/\/printalert.be\/fr\/wp-json\/wp\/v2\/pages\/3250\/revisions\/3254"}],"wp:attachment":[{"href":"https:\/\/printalert.be\/fr\/wp-json\/wp\/v2\/media?parent=3250"}],"curies":[{"name":"wp","href":"https:\/\/api.w.org\/{rel}","templated":true}]}}