{"id":3255,"date":"2025-03-18T14:17:12","date_gmt":"2025-03-18T14:17:12","guid":{"rendered":"https:\/\/printalert.be\/concurrentiele-prijzen\/"},"modified":"2025-03-18T15:04:19","modified_gmt":"2025-03-18T15:04:19","slug":"prix-concurrentiels","status":"publish","type":"page","link":"https:\/\/printalert.be\/fr\/prix-concurrentiels\/","title":{"rendered":"Prix concurrentiels"},"content":{"rendered":"\t\t<div data-elementor-type=\"wp-page\" data-elementor-id=\"3255\" class=\"elementor elementor-3255 elementor-3171\">\n\t\t\t\t<div class=\"wd-negative-gap elementor-element elementor-element-ec04cd5 e-flex e-con-boxed e-con e-parent\" data-id=\"ec04cd5\" data-element_type=\"container\" data-e-type=\"container\">\n\t\t\t\t\t<div class=\"e-con-inner\">\n\t\t\t\t<div class=\"elementor-element elementor-element-bc88500 elementor-widget elementor-widget-wd_text_block\" data-id=\"bc88500\" data-element_type=\"widget\" data-e-type=\"widget\" data-widget_type=\"wd_text_block.default\">\n\t\t\t\t<div class=\"elementor-widget-container\">\n\t\t\t\t\t\t\t<div class=\"wd-text-block reset-last-child text-left\">\n\t\t\t\n\t\t\t<p><strong>Des impressions de qualit\u00e9 \u00e0 des prix comp\u00e9titifs<\/strong><\/p><p>Des imprim\u00e9s de qualit\u00e9 ne doivent pas n\u00e9cessairement \u00eatre chers ! Nous vous proposons des tarifs attractifs tout en pr\u00e9servant le niveau de qualit\u00e9 que vous attendez de nous. Gr\u00e2ce \u00e0 nos techniques de production optimis\u00e9es et \u00e0 l'achat en gros de mat\u00e9riaux, nous parvenons \u00e0 r\u00e9duire les co\u00fbts et \u00e0 \u00eatre plus efficaces. Cela vous permet de b\u00e9n\u00e9ficier de prix avantageux, que ce soit pour de grandes s\u00e9ries ou pour de petites commandes.<\/p><p>Nous nous engageons \u00e0 offrir le meilleur rapport qualit\u00e9-prix. Que vous ayez besoin d\u2019un tirage limit\u00e9 pour un usage personnel ou d\u2019une commande massive pour une campagne publicitaire, vous saurez exactement ce que vous payez, sans frais cach\u00e9s. Notre configurateur en ligne facilite le choix des options et fournit un devis instantan\u00e9, assurant ainsi une transparence totale.<\/p><p>De plus, nous proposons r\u00e9guli\u00e8rement des promotions et r\u00e9ductions pour rendre votre commande encore plus accessible. Notre objectif est de permettre \u00e0 tous d\u2019acc\u00e9der \u00e0 des impressions de haute qualit\u00e9 \u00e0 des prix raisonnables. Comparez nos tarifs, testez notre qualit\u00e9 et profitez de tous les avantages que nous offrons !<\/p>\n\t\t\t\t\t<\/div>\n\t\t\t\t\t\t<\/div>\n\t\t\t\t<\/div>\n\t\t\t\t\t<\/div>\n\t\t\t\t<\/div>\n\t\t\t\t<\/div>\n\t\t","protected":false},"excerpt":{"rendered":"<p>Des impressions de qualit\u00e9 \u00e0 des prix comp\u00e9titifs Des imprim\u00e9s de qualit\u00e9 ne doivent pas n\u00e9cessairement \u00eatre chers ! Nous<\/p>\n","protected":false},"author":1,"featured_media":0,"parent":0,"menu_order":0,"comment_status":"closed","ping_status":"closed","template":"","meta":{"brand_hub_restriction":[],"brand_hub_id":null,"footnotes":""},"class_list":["post-3255","page","type-page","status-publish","hentry"],"_links":{"self":[{"href":"https:\/\/printalert.be\/fr\/wp-json\/wp\/v2\/pages\/3255","targetHints":{"allow":["GET"]}}],"collection":[{"href":"https:\/\/printalert.be\/fr\/wp-json\/wp\/v2\/pages"}],"about":[{"href":"https:\/\/printalert.be\/fr\/wp-json\/wp\/v2\/types\/page"}],"author":[{"embeddable":true,"href":"https:\/\/printalert.be\/fr\/wp-json\/wp\/v2\/users\/1"}],"replies":[{"embeddable":true,"href":"https:\/\/printalert.be\/fr\/wp-json\/wp\/v2\/comments?post=3255"}],"version-history":[{"count":4,"href":"https:\/\/printalert.be\/fr\/wp-json\/wp\/v2\/pages\/3255\/revisions"}],"predecessor-version":[{"id":3259,"href":"https:\/\/printalert.be\/fr\/wp-json\/wp\/v2\/pages\/3255\/revisions\/3259"}],"wp:attachment":[{"href":"https:\/\/printalert.be\/fr\/wp-json\/wp\/v2\/media?parent=3255"}],"curies":[{"name":"wp","href":"https:\/\/api.w.org\/{rel}","templated":true}]}}