{"id":3260,"date":"2025-03-18T14:17:27","date_gmt":"2025-03-18T14:17:27","guid":{"rendered":"https:\/\/printalert.be\/technische-specs-ontwerpadvies\/"},"modified":"2025-03-18T15:05:39","modified_gmt":"2025-03-18T15:05:39","slug":"specifications-techniques-et-assistance-en-design","status":"publish","type":"page","link":"https:\/\/printalert.be\/fr\/specifications-techniques-et-assistance-en-design\/","title":{"rendered":"Sp\u00e9cifications techniques et assistance en design"},"content":{"rendered":"\t\t<div data-elementor-type=\"wp-page\" data-elementor-id=\"3260\" class=\"elementor elementor-3260 elementor-3173\">\n\t\t\t\t<div class=\"wd-negative-gap elementor-element elementor-element-ec04cd5 e-flex e-con-boxed e-con e-parent\" data-id=\"ec04cd5\" data-element_type=\"container\" data-e-type=\"container\">\n\t\t\t\t\t<div class=\"e-con-inner\">\n\t\t\t\t<div class=\"elementor-element elementor-element-bc88500 elementor-widget elementor-widget-wd_text_block\" data-id=\"bc88500\" data-element_type=\"widget\" data-e-type=\"widget\" data-widget_type=\"wd_text_block.default\">\n\t\t\t\t<div class=\"elementor-widget-container\">\n\t\t\t\t\t\t\t<div class=\"wd-text-block reset-last-child text-left\">\n\t\t\t\n\t\t\t<p><strong>Optimisez votre design pour une impression parfaite<\/strong><\/p><p>Vous aspirez \u00e0 un rendu irr\u00e9prochable pour vos impressions ? Il est crucial de fournir vos fichiers en suivant les sp\u00e9cifications techniques appropri\u00e9es. Nous sommes l\u00e0 pour vous aider \u00e0 \u00e9viter les erreurs et \u00e0 assurer que vos fichiers soient parfaitement pr\u00eats \u00e0 imprimer. Sur notre site, vous trouverez des directives compl\u00e8tes concernant les formats, fonds perdus, marges de d\u00e9coupe, r\u00e9solution et modes colorim\u00e9triques, afin de pr\u00e9parer vos fichiers en toute s\u00e9r\u00e9nit\u00e9.<\/p><p>Au-del\u00e0 des aspects techniques, nous vous offrons \u00e9galement des conseils professionnels en mati\u00e8re de design. Vous vous posez des questions sur la lisibilit\u00e9 de votre texte, l\u2019harmonie des couleurs ou la mise en page ? Nos experts sont \u00e0 votre disposition pour vous orienter et optimiser votre cr\u00e9ation pour un rendu exceptionnel. Profitez de notre service gratuit de v\u00e9rification des fichiers : nous passons en revue votre design pour d\u00e9celer d\u2019\u00e9ventuelles erreurs avant l\u2019impression.<\/p><p>Que vous soyez graphiste aguerri ou que vous vous lanciez dans votre premier projet imprim\u00e9, nos conseils et mod\u00e8les vous aideront \u00e0 atteindre un r\u00e9sultat de haute qualit\u00e9. Assurez-vous que vos impressions se distinguent et laissent une empreinte m\u00e9morable !<\/p>\n\t\t\t\t\t<\/div>\n\t\t\t\t\t\t<\/div>\n\t\t\t\t<\/div>\n\t\t\t\t\t<\/div>\n\t\t\t\t<\/div>\n\t\t\t\t<\/div>\n\t\t","protected":false},"excerpt":{"rendered":"<p>Optimisez votre design pour une impression parfaite Vous aspirez \u00e0 un rendu irr\u00e9prochable pour vos impressions ? Il est crucial<\/p>\n","protected":false},"author":1,"featured_media":0,"parent":0,"menu_order":0,"comment_status":"closed","ping_status":"closed","template":"","meta":{"brand_hub_restriction":[],"brand_hub_id":null,"footnotes":""},"class_list":["post-3260","page","type-page","status-publish","hentry"],"_links":{"self":[{"href":"https:\/\/printalert.be\/fr\/wp-json\/wp\/v2\/pages\/3260","targetHints":{"allow":["GET"]}}],"collection":[{"href":"https:\/\/printalert.be\/fr\/wp-json\/wp\/v2\/pages"}],"about":[{"href":"https:\/\/printalert.be\/fr\/wp-json\/wp\/v2\/types\/page"}],"author":[{"embeddable":true,"href":"https:\/\/printalert.be\/fr\/wp-json\/wp\/v2\/users\/1"}],"replies":[{"embeddable":true,"href":"https:\/\/printalert.be\/fr\/wp-json\/wp\/v2\/comments?post=3260"}],"version-history":[{"count":4,"href":"https:\/\/printalert.be\/fr\/wp-json\/wp\/v2\/pages\/3260\/revisions"}],"predecessor-version":[{"id":3264,"href":"https:\/\/printalert.be\/fr\/wp-json\/wp\/v2\/pages\/3260\/revisions\/3264"}],"wp:attachment":[{"href":"https:\/\/printalert.be\/fr\/wp-json\/wp\/v2\/media?parent=3260"}],"curies":[{"name":"wp","href":"https:\/\/api.w.org\/{rel}","templated":true}]}}