{"id":3457,"date":"2025-03-18T15:22:24","date_gmt":"2025-03-18T15:22:24","guid":{"rendered":"https:\/\/printalert.be\/product\/sample-service\/"},"modified":"2025-05-20T22:07:09","modified_gmt":"2025-05-20T22:07:09","slug":"sample-service","status":"publish","type":"product","link":"https:\/\/printalert.be\/fr\/produit\/sample-service\/","title":{"rendered":"Sample service"},"content":{"rendered":"","protected":false},"excerpt":{"rendered":"<p>Vous vous demandez \u00e0 quoi ressemblent nos impressions ? Avec notre Service d\u2019\u00e9chantillons, c\u2019est un jeu d\u2019enfant de recevoir gratuitement des \u00e9chantillons de papier et de mat\u00e9riaux. Explorez notre vari\u00e9t\u00e9 de papiers, de finitions et de textures pour avoir un aper\u00e7u tangible de toutes les options disponibles. Touchez, regardez et comparez \u00e0 votre rythme avant de finaliser votre commande. Cela vous permet de faire le choix parfait pour vos projets d\u2019impression.<\/p>\n","protected":false},"featured_media":0,"comment_status":"open","ping_status":"closed","template":"","meta":{"brand_hub_restriction":[],"brand_hub_id":null},"product_brand":[],"product_cat":[106],"product_tag":[],"class_list":{"0":"post-3457","1":"product","2":"type-product","3":"status-publish","5":"product_cat-geen-categorie-fr","7":"first","8":"instock","9":"taxable","10":"shipping-taxable","11":"purchasable","12":"product-type-simple"},"_links":{"self":[{"href":"https:\/\/printalert.be\/fr\/wp-json\/wp\/v2\/product\/3457","targetHints":{"allow":["GET"]}}],"collection":[{"href":"https:\/\/printalert.be\/fr\/wp-json\/wp\/v2\/product"}],"about":[{"href":"https:\/\/printalert.be\/fr\/wp-json\/wp\/v2\/types\/product"}],"replies":[{"embeddable":true,"href":"https:\/\/printalert.be\/fr\/wp-json\/wp\/v2\/comments?post=3457"}],"version-history":[{"count":1,"href":"https:\/\/printalert.be\/fr\/wp-json\/wp\/v2\/product\/3457\/revisions"}],"predecessor-version":[{"id":3459,"href":"https:\/\/printalert.be\/fr\/wp-json\/wp\/v2\/product\/3457\/revisions\/3459"}],"wp:attachment":[{"href":"https:\/\/printalert.be\/fr\/wp-json\/wp\/v2\/media?parent=3457"}],"wp:term":[{"taxonomy":"product_brand","embeddable":true,"href":"https:\/\/printalert.be\/fr\/wp-json\/wp\/v2\/product_brand?post=3457"},{"taxonomy":"product_cat","embeddable":true,"href":"https:\/\/printalert.be\/fr\/wp-json\/wp\/v2\/product_cat?post=3457"},{"taxonomy":"product_tag","embeddable":true,"href":"https:\/\/printalert.be\/fr\/wp-json\/wp\/v2\/product_tag?post=3457"}],"curies":[{"name":"wp","href":"https:\/\/api.w.org\/{rel}","templated":true}]}}