{"id":3665,"date":"2025-06-19T00:11:45","date_gmt":"2025-06-19T00:11:45","guid":{"rendered":"https:\/\/printalert.be\/product\/feuillets-detachables\/"},"modified":"2026-01-02T11:37:34","modified_gmt":"2026-01-02T11:37:34","slug":"feuillets-detachables","status":"publish","type":"product","link":"https:\/\/printalert.be\/fr\/produit\/feuillets-detachables\/","title":{"rendered":"Feuillets d\u00e9tachables"},"content":{"rendered":"","protected":false},"excerpt":{"rendered":"<p>Am\u00e9liorez vos impressions avec des feuillets int\u00e9rieures d\u00e9tachables de qualit\u00e9 sup\u00e9rieure, parfaites pour des pr\u00e9sentations, des manuels ou des rapports. Optez pour diff\u00e9rents types de papier, formats et finitions afin d&rsquo;obtenir un rendu personnalis\u00e9. Faciles \u00e0 organiser dans des classeurs ou des reliures, elles constituent une solution flexible et professionnelle. Commandez d\u00e8s maintenant et offrez \u00e0 vos documents une allure soign\u00e9e et \u00e9l\u00e9gante !<\/p>\n","protected":false},"featured_media":4431,"comment_status":"open","ping_status":"closed","template":"","meta":{"brand_hub_restriction":[],"brand_hub_id":null},"product_brand":[],"product_cat":[248],"product_tag":[189],"class_list":{"0":"post-3665","1":"product","2":"type-product","3":"status-publish","4":"has-post-thumbnail","6":"product_cat-blocs-notes-formulaires","7":"product_tag-thema-kantoor-fr","9":"first","10":"instock","11":"taxable","12":"shipping-taxable","13":"purchasable","14":"product-type-simple"},"_links":{"self":[{"href":"https:\/\/printalert.be\/fr\/wp-json\/wp\/v2\/product\/3665","targetHints":{"allow":["GET"]}}],"collection":[{"href":"https:\/\/printalert.be\/fr\/wp-json\/wp\/v2\/product"}],"about":[{"href":"https:\/\/printalert.be\/fr\/wp-json\/wp\/v2\/types\/product"}],"replies":[{"embeddable":true,"href":"https:\/\/printalert.be\/fr\/wp-json\/wp\/v2\/comments?post=3665"}],"version-history":[{"count":1,"href":"https:\/\/printalert.be\/fr\/wp-json\/wp\/v2\/product\/3665\/revisions"}],"predecessor-version":[{"id":5078,"href":"https:\/\/printalert.be\/fr\/wp-json\/wp\/v2\/product\/3665\/revisions\/5078"}],"wp:featuredmedia":[{"embeddable":true,"href":"https:\/\/printalert.be\/fr\/wp-json\/wp\/v2\/media\/4431"}],"wp:attachment":[{"href":"https:\/\/printalert.be\/fr\/wp-json\/wp\/v2\/media?parent=3665"}],"wp:term":[{"taxonomy":"product_brand","embeddable":true,"href":"https:\/\/printalert.be\/fr\/wp-json\/wp\/v2\/product_brand?post=3665"},{"taxonomy":"product_cat","embeddable":true,"href":"https:\/\/printalert.be\/fr\/wp-json\/wp\/v2\/product_cat?post=3665"},{"taxonomy":"product_tag","embeddable":true,"href":"https:\/\/printalert.be\/fr\/wp-json\/wp\/v2\/product_tag?post=3665"}],"curies":[{"name":"wp","href":"https:\/\/api.w.org\/{rel}","templated":true}]}}