{"id":3753,"date":"2025-06-19T00:10:56","date_gmt":"2025-06-19T00:10:56","guid":{"rendered":"https:\/\/printalert.be\/product\/cartes-postales\/"},"modified":"2026-01-02T11:05:23","modified_gmt":"2026-01-02T11:05:23","slug":"cartes-postales","status":"publish","type":"product","link":"https:\/\/printalert.be\/fr\/produit\/cartes-postales\/","title":{"rendered":"Cartes postales"},"content":{"rendered":"","protected":false},"excerpt":{"rendered":"<p>Faites forte impression avec des cartes postales soigneusement imprim\u00e9es, parfaites pour des promotions, des invitations ou des remerciements. Optez pour diff\u00e9rents formats, types de papier et finitions pour un r\u00e9sultat unique. Avec une impression de haute qualit\u00e9, les couleurs ressortent et les d\u00e9tails sont d&rsquo;une nettet\u00e9 impeccable. Commandez facilement et envoyez un message personnalis\u00e9 qui marquera les esprits !<\/p>\n","protected":false},"featured_media":4003,"comment_status":"open","ping_status":"closed","template":"","meta":{"brand_hub_restriction":[],"brand_hub_id":null},"product_brand":[],"product_cat":[],"product_tag":[143,189,191],"class_list":{"0":"post-3753","1":"product","2":"type-product","3":"status-publish","4":"has-post-thumbnail","6":"product_tag-promotie-algemeen-fr","7":"product_tag-thema-kantoor-fr","8":"product_tag-thema-makelaars-en-bouw-fr","10":"first","11":"instock","12":"taxable","13":"shipping-taxable","14":"purchasable","15":"product-type-simple"},"_links":{"self":[{"href":"https:\/\/printalert.be\/fr\/wp-json\/wp\/v2\/product\/3753","targetHints":{"allow":["GET"]}}],"collection":[{"href":"https:\/\/printalert.be\/fr\/wp-json\/wp\/v2\/product"}],"about":[{"href":"https:\/\/printalert.be\/fr\/wp-json\/wp\/v2\/types\/product"}],"replies":[{"embeddable":true,"href":"https:\/\/printalert.be\/fr\/wp-json\/wp\/v2\/comments?post=3753"}],"version-history":[{"count":1,"href":"https:\/\/printalert.be\/fr\/wp-json\/wp\/v2\/product\/3753\/revisions"}],"predecessor-version":[{"id":5057,"href":"https:\/\/printalert.be\/fr\/wp-json\/wp\/v2\/product\/3753\/revisions\/5057"}],"wp:featuredmedia":[{"embeddable":true,"href":"https:\/\/printalert.be\/fr\/wp-json\/wp\/v2\/media\/4003"}],"wp:attachment":[{"href":"https:\/\/printalert.be\/fr\/wp-json\/wp\/v2\/media?parent=3753"}],"wp:term":[{"taxonomy":"product_brand","embeddable":true,"href":"https:\/\/printalert.be\/fr\/wp-json\/wp\/v2\/product_brand?post=3753"},{"taxonomy":"product_cat","embeddable":true,"href":"https:\/\/printalert.be\/fr\/wp-json\/wp\/v2\/product_cat?post=3753"},{"taxonomy":"product_tag","embeddable":true,"href":"https:\/\/printalert.be\/fr\/wp-json\/wp\/v2\/product_tag?post=3753"}],"curies":[{"name":"wp","href":"https:\/\/api.w.org\/{rel}","templated":true}]}}