{"id":3758,"date":"2025-06-19T00:33:57","date_gmt":"2025-06-19T00:33:57","guid":{"rendered":"https:\/\/printalert.be\/product\/brochures-dos-carre-colle\/"},"modified":"2026-01-02T11:00:09","modified_gmt":"2026-01-02T11:00:09","slug":"brochures-dos-carre-colle","status":"publish","type":"product","link":"https:\/\/printalert.be\/fr\/produit\/brochures-dos-carre-colle\/","title":{"rendered":"Brochures dos carr\u00e9 coll\u00e9"},"content":{"rendered":"","protected":false},"excerpt":{"rendered":"<p>Parfaites pour les catalogues, magazines et rapports annuels, elles allient finition de qualit\u00e9 et reliure robuste pour une durabilit\u00e9 maximale. Leur pr\u00e9sentation soign\u00e9e valorise votre image professionnelle. Optez parmi une vari\u00e9t\u00e9 de formats, types de papier et finitions pour un r\u00e9sultat parfaitement en phase avec votre message. Commandez ais\u00e9ment en ligne et faites une impression m\u00e9morable !<\/p>\n","protected":false},"featured_media":3981,"comment_status":"open","ping_status":"closed","template":"","meta":{"brand_hub_restriction":[],"brand_hub_id":null},"product_brand":[],"product_cat":[227],"product_tag":[],"class_list":{"0":"post-3758","1":"product","2":"type-product","3":"status-publish","4":"has-post-thumbnail","6":"product_cat-brochures-fr","8":"first","9":"instock","10":"taxable","11":"shipping-taxable","12":"purchasable","13":"product-type-simple"},"_links":{"self":[{"href":"https:\/\/printalert.be\/fr\/wp-json\/wp\/v2\/product\/3758","targetHints":{"allow":["GET"]}}],"collection":[{"href":"https:\/\/printalert.be\/fr\/wp-json\/wp\/v2\/product"}],"about":[{"href":"https:\/\/printalert.be\/fr\/wp-json\/wp\/v2\/types\/product"}],"replies":[{"embeddable":true,"href":"https:\/\/printalert.be\/fr\/wp-json\/wp\/v2\/comments?post=3758"}],"version-history":[{"count":1,"href":"https:\/\/printalert.be\/fr\/wp-json\/wp\/v2\/product\/3758\/revisions"}],"predecessor-version":[{"id":5053,"href":"https:\/\/printalert.be\/fr\/wp-json\/wp\/v2\/product\/3758\/revisions\/5053"}],"wp:featuredmedia":[{"embeddable":true,"href":"https:\/\/printalert.be\/fr\/wp-json\/wp\/v2\/media\/3981"}],"wp:attachment":[{"href":"https:\/\/printalert.be\/fr\/wp-json\/wp\/v2\/media?parent=3758"}],"wp:term":[{"taxonomy":"product_brand","embeddable":true,"href":"https:\/\/printalert.be\/fr\/wp-json\/wp\/v2\/product_brand?post=3758"},{"taxonomy":"product_cat","embeddable":true,"href":"https:\/\/printalert.be\/fr\/wp-json\/wp\/v2\/product_cat?post=3758"},{"taxonomy":"product_tag","embeddable":true,"href":"https:\/\/printalert.be\/fr\/wp-json\/wp\/v2\/product_tag?post=3758"}],"curies":[{"name":"wp","href":"https:\/\/api.w.org\/{rel}","templated":true}]}}