{"id":3781,"date":"2025-06-18T23:56:45","date_gmt":"2025-06-18T23:56:45","guid":{"rendered":"https:\/\/printalert.be\/product\/bons-de-consommation\/"},"modified":"2026-01-02T15:59:02","modified_gmt":"2026-01-02T15:59:02","slug":"bons-de-consommation","status":"publish","type":"product","link":"https:\/\/printalert.be\/fr\/produit\/bons-de-consommation\/","title":{"rendered":"Bons de consommation"},"content":{"rendered":"","protected":false},"excerpt":{"rendered":"<p>Donnez une image professionnelle \u00e0 votre \u00e9v\u00e9nement, votre \u00e9tablissement horeca ou votre promotion avec des bons de consommation sur mesure. S\u00e9lectionnez parmi une vari\u00e9t\u00e9 de formats, de designs et de finitions, y compris des bons num\u00e9rot\u00e9s ou d\u00e9tachables pour une utilisation simplifi\u00e9e. Gr\u00e2ce \u00e0 une impression de haute qualit\u00e9 et \u00e0 des mat\u00e9riaux durables, vos bons resteront lisibles et r\u00e9sistants. Commandez rapidement pour garantir une distribution fluide et efficace de vos consommations !<\/p>\n","protected":false},"featured_media":4349,"comment_status":"open","ping_status":"closed","template":"","meta":{"brand_hub_restriction":[],"brand_hub_id":null},"product_brand":[],"product_cat":[262],"product_tag":[149,185,187],"class_list":{"0":"post-3781","1":"product","2":"type-product","3":"status-publish","4":"has-post-thumbnail","6":"product_cat-accessoires-horeca","7":"product_tag-horeca-populair-fr","8":"product_tag-thema-events-fr","9":"product_tag-thema-horeca-fr","11":"first","12":"instock","13":"taxable","14":"shipping-taxable","15":"purchasable","16":"product-type-simple"},"_links":{"self":[{"href":"https:\/\/printalert.be\/fr\/wp-json\/wp\/v2\/product\/3781","targetHints":{"allow":["GET"]}}],"collection":[{"href":"https:\/\/printalert.be\/fr\/wp-json\/wp\/v2\/product"}],"about":[{"href":"https:\/\/printalert.be\/fr\/wp-json\/wp\/v2\/types\/product"}],"replies":[{"embeddable":true,"href":"https:\/\/printalert.be\/fr\/wp-json\/wp\/v2\/comments?post=3781"}],"version-history":[{"count":1,"href":"https:\/\/printalert.be\/fr\/wp-json\/wp\/v2\/product\/3781\/revisions"}],"predecessor-version":[{"id":5105,"href":"https:\/\/printalert.be\/fr\/wp-json\/wp\/v2\/product\/3781\/revisions\/5105"}],"wp:featuredmedia":[{"embeddable":true,"href":"https:\/\/printalert.be\/fr\/wp-json\/wp\/v2\/media\/4349"}],"wp:attachment":[{"href":"https:\/\/printalert.be\/fr\/wp-json\/wp\/v2\/media?parent=3781"}],"wp:term":[{"taxonomy":"product_brand","embeddable":true,"href":"https:\/\/printalert.be\/fr\/wp-json\/wp\/v2\/product_brand?post=3781"},{"taxonomy":"product_cat","embeddable":true,"href":"https:\/\/printalert.be\/fr\/wp-json\/wp\/v2\/product_cat?post=3781"},{"taxonomy":"product_tag","embeddable":true,"href":"https:\/\/printalert.be\/fr\/wp-json\/wp\/v2\/product_tag?post=3781"}],"curies":[{"name":"wp","href":"https:\/\/api.w.org\/{rel}","templated":true}]}}