{"id":3785,"date":"2025-06-18T23:56:09","date_gmt":"2025-06-18T23:56:09","guid":{"rendered":"https:\/\/printalert.be\/product\/cartes-de-menu-2\/"},"modified":"2026-01-02T12:40:23","modified_gmt":"2026-01-02T12:40:23","slug":"cartes-de-menu-2","status":"publish","type":"product","link":"https:\/\/printalert.be\/fr\/produit\/cartes-de-menu-2\/","title":{"rendered":"Cartes de menu"},"content":{"rendered":"","protected":false},"excerpt":{"rendered":"<p>Parfaits pour les restaurants, caf\u00e9s et \u00e9v\u00e9nements. Optez pour diff\u00e9rents formats, types de papier et finitions pour une pr\u00e9sentation qui correspond parfaitement \u00e0 votre concept. Durables, imprim\u00e9s avec une grande clart\u00e9 et faciles \u00e0 nettoyer. Commandez en ligne facilement et mettez en valeur vos plats !<\/p>\n","protected":false},"featured_media":4000,"comment_status":"open","ping_status":"closed","template":"","meta":{"brand_hub_restriction":[],"brand_hub_id":null},"product_brand":[],"product_cat":[258],"product_tag":[151,149,185,187],"class_list":{"0":"post-3785","1":"product","2":"type-product","3":"status-publish","4":"has-post-thumbnail","6":"product_cat-horeca-essentiels","7":"product_tag-horeca-menukaarten-fr","8":"product_tag-horeca-populair-fr","9":"product_tag-thema-events-fr","10":"product_tag-thema-horeca-fr","12":"first","13":"instock","14":"taxable","15":"shipping-taxable","16":"purchasable","17":"product-type-simple"},"_links":{"self":[{"href":"https:\/\/printalert.be\/fr\/wp-json\/wp\/v2\/product\/3785","targetHints":{"allow":["GET"]}}],"collection":[{"href":"https:\/\/printalert.be\/fr\/wp-json\/wp\/v2\/product"}],"about":[{"href":"https:\/\/printalert.be\/fr\/wp-json\/wp\/v2\/types\/product"}],"replies":[{"embeddable":true,"href":"https:\/\/printalert.be\/fr\/wp-json\/wp\/v2\/comments?post=3785"}],"version-history":[{"count":1,"href":"https:\/\/printalert.be\/fr\/wp-json\/wp\/v2\/product\/3785\/revisions"}],"predecessor-version":[{"id":5083,"href":"https:\/\/printalert.be\/fr\/wp-json\/wp\/v2\/product\/3785\/revisions\/5083"}],"wp:featuredmedia":[{"embeddable":true,"href":"https:\/\/printalert.be\/fr\/wp-json\/wp\/v2\/media\/4000"}],"wp:attachment":[{"href":"https:\/\/printalert.be\/fr\/wp-json\/wp\/v2\/media?parent=3785"}],"wp:term":[{"taxonomy":"product_brand","embeddable":true,"href":"https:\/\/printalert.be\/fr\/wp-json\/wp\/v2\/product_brand?post=3785"},{"taxonomy":"product_cat","embeddable":true,"href":"https:\/\/printalert.be\/fr\/wp-json\/wp\/v2\/product_cat?post=3785"},{"taxonomy":"product_tag","embeddable":true,"href":"https:\/\/printalert.be\/fr\/wp-json\/wp\/v2\/product_tag?post=3785"}],"curies":[{"name":"wp","href":"https:\/\/api.w.org\/{rel}","templated":true}]}}