{"id":3794,"date":"2025-06-18T23:58:50","date_gmt":"2025-06-18T23:58:50","guid":{"rendered":"https:\/\/printalert.be\/product\/pochettes-a-couverts\/"},"modified":"2026-01-02T14:23:00","modified_gmt":"2026-01-02T14:23:00","slug":"pochettes-a-couverts","status":"publish","type":"product","link":"https:\/\/printalert.be\/fr\/produit\/pochettes-a-couverts\/","title":{"rendered":"Pochettes \u00e0 couverts"},"content":{"rendered":"","protected":false},"excerpt":{"rendered":"<p>Id\u00e9ales pour les restaurants, caf\u00e9s et \u00e9v\u00e9nements, elles peuvent \u00eatre orn\u00e9es de votre logo ou message pour une touche professionnelle. Disponibles dans divers formats et mat\u00e9riaux, avec ou sans serviette. Commandez facilement en ligne et offrez \u00e0 vos clients une exp\u00e9rience de table \u00e0 la fois raffin\u00e9e et fonctionnelle !<\/p>\n","protected":false},"featured_media":5299,"comment_status":"open","ping_status":"closed","template":"","meta":{"brand_hub_restriction":[],"brand_hub_id":null},"product_brand":[],"product_cat":[262],"product_tag":[149,153,187],"class_list":{"0":"post-3794","1":"product","2":"type-product","3":"status-publish","4":"has-post-thumbnail","6":"product_cat-accessoires-horeca","7":"product_tag-horeca-populair-fr","8":"product_tag-horeca-tafeldecoratie-fr","9":"product_tag-thema-horeca-fr","11":"first","12":"instock","13":"taxable","14":"shipping-taxable","15":"purchasable","16":"product-type-simple"},"_links":{"self":[{"href":"https:\/\/printalert.be\/fr\/wp-json\/wp\/v2\/product\/3794","targetHints":{"allow":["GET"]}}],"collection":[{"href":"https:\/\/printalert.be\/fr\/wp-json\/wp\/v2\/product"}],"about":[{"href":"https:\/\/printalert.be\/fr\/wp-json\/wp\/v2\/types\/product"}],"replies":[{"embeddable":true,"href":"https:\/\/printalert.be\/fr\/wp-json\/wp\/v2\/comments?post=3794"}],"version-history":[{"count":1,"href":"https:\/\/printalert.be\/fr\/wp-json\/wp\/v2\/product\/3794\/revisions"}],"predecessor-version":[{"id":5102,"href":"https:\/\/printalert.be\/fr\/wp-json\/wp\/v2\/product\/3794\/revisions\/5102"}],"wp:featuredmedia":[{"embeddable":true,"href":"https:\/\/printalert.be\/fr\/wp-json\/wp\/v2\/media\/5299"}],"wp:attachment":[{"href":"https:\/\/printalert.be\/fr\/wp-json\/wp\/v2\/media?parent=3794"}],"wp:term":[{"taxonomy":"product_brand","embeddable":true,"href":"https:\/\/printalert.be\/fr\/wp-json\/wp\/v2\/product_brand?post=3794"},{"taxonomy":"product_cat","embeddable":true,"href":"https:\/\/printalert.be\/fr\/wp-json\/wp\/v2\/product_cat?post=3794"},{"taxonomy":"product_tag","embeddable":true,"href":"https:\/\/printalert.be\/fr\/wp-json\/wp\/v2\/product_tag?post=3794"}],"curies":[{"name":"wp","href":"https:\/\/api.w.org\/{rel}","templated":true}]}}