{"id":3798,"date":"2025-06-18T23:55:22","date_gmt":"2025-06-18T23:55:22","guid":{"rendered":"https:\/\/printalert.be\/product\/sous-bocks-2\/"},"modified":"2026-01-02T14:53:09","modified_gmt":"2026-01-02T14:53:09","slug":"sous-bocks-2","status":"publish","type":"product","link":"https:\/\/printalert.be\/fr\/produit\/sous-bocks-2\/","title":{"rendered":"Sous-bocks"},"content":{"rendered":"","protected":false},"excerpt":{"rendered":"<p>Nos sous-bocks personnalis\u00e9s, parfaits pour les bars, \u00e9v\u00e9nements et actions promotionnelles, sont disponibles en formes circulaires ou quadrill\u00e9es. Personnalisez-les en y ajoutant votre logo ou message pour une visibilit\u00e9 optimale. Ils sont imprim\u00e9s avec une qualit\u00e9 remarquable, ajoutant la finition id\u00e9ale pour chaque \u00e9v\u00e9nement. Passez votre commande en ligne sans effort d\u00e8s \u00e0 pr\u00e9sent !<\/p>\n","protected":false},"featured_media":5296,"comment_status":"open","ping_status":"closed","template":"","meta":{"brand_hub_restriction":[],"brand_hub_id":null},"product_brand":[],"product_cat":[262],"product_tag":[149,153,185,187],"class_list":{"0":"post-3798","1":"product","2":"type-product","3":"status-publish","4":"has-post-thumbnail","6":"product_cat-accessoires-horeca","7":"product_tag-horeca-populair-fr","8":"product_tag-horeca-tafeldecoratie-fr","9":"product_tag-thema-events-fr","10":"product_tag-thema-horeca-fr","12":"first","13":"instock","14":"taxable","15":"shipping-taxable","16":"purchasable","17":"product-type-simple"},"_links":{"self":[{"href":"https:\/\/printalert.be\/fr\/wp-json\/wp\/v2\/product\/3798","targetHints":{"allow":["GET"]}}],"collection":[{"href":"https:\/\/printalert.be\/fr\/wp-json\/wp\/v2\/product"}],"about":[{"href":"https:\/\/printalert.be\/fr\/wp-json\/wp\/v2\/types\/product"}],"replies":[{"embeddable":true,"href":"https:\/\/printalert.be\/fr\/wp-json\/wp\/v2\/comments?post=3798"}],"version-history":[{"count":1,"href":"https:\/\/printalert.be\/fr\/wp-json\/wp\/v2\/product\/3798\/revisions"}],"predecessor-version":[{"id":5104,"href":"https:\/\/printalert.be\/fr\/wp-json\/wp\/v2\/product\/3798\/revisions\/5104"}],"wp:featuredmedia":[{"embeddable":true,"href":"https:\/\/printalert.be\/fr\/wp-json\/wp\/v2\/media\/5296"}],"wp:attachment":[{"href":"https:\/\/printalert.be\/fr\/wp-json\/wp\/v2\/media?parent=3798"}],"wp:term":[{"taxonomy":"product_brand","embeddable":true,"href":"https:\/\/printalert.be\/fr\/wp-json\/wp\/v2\/product_brand?post=3798"},{"taxonomy":"product_cat","embeddable":true,"href":"https:\/\/printalert.be\/fr\/wp-json\/wp\/v2\/product_cat?post=3798"},{"taxonomy":"product_tag","embeddable":true,"href":"https:\/\/printalert.be\/fr\/wp-json\/wp\/v2\/product_tag?post=3798"}],"curies":[{"name":"wp","href":"https:\/\/api.w.org\/{rel}","templated":true}]}}