{"id":3802,"date":"2025-06-18T23:59:48","date_gmt":"2025-06-18T23:59:48","guid":{"rendered":"https:\/\/printalert.be\/product\/chevalets-de-trottoir\/"},"modified":"2026-01-02T15:44:42","modified_gmt":"2026-01-02T15:44:42","slug":"chevalets-de-trottoir","status":"publish","type":"product","link":"https:\/\/printalert.be\/fr\/produit\/chevalets-de-trottoir\/","title":{"rendered":"Chevalets de trottoir"},"content":{"rendered":"","protected":false},"excerpt":{"rendered":"<p>Faites la diff\u00e9rence avec des chevalets publicitaires solides et r\u00e9sistants aux intemp\u00e9ries, id\u00e9aux pour mettre en avant votre message. Parfaits pour les commerces, restaurants et \u00e9v\u00e9nements, ils offrent une grande flexibilit\u00e9 gr\u00e2ce \u00e0 leurs affiches interchangeables et leur structure robuste. Disponibles en plusieurs formats et mod\u00e8les. Commandez d\u00e8s aujourd\u2019hui et am\u00e9liorez votre visibilit\u00e9 en ext\u00e9rieur avec une impression de qualit\u00e9 professionnelle !<\/p>\n","protected":false},"featured_media":4537,"comment_status":"open","ping_status":"closed","template":"","meta":{"brand_hub_restriction":[],"brand_hub_id":null},"product_brand":[],"product_cat":[99,97],"product_tag":[155,187,191],"class_list":{"0":"post-3802","1":"product","2":"type-product","3":"status-publish","4":"has-post-thumbnail","6":"product_cat-grand-format","7":"product_cat-restauration","8":"product_tag-horeca-promotiemateriaal-fr","9":"product_tag-thema-horeca-fr","10":"product_tag-thema-makelaars-en-bouw-fr","12":"first","13":"instock","14":"taxable","15":"shipping-taxable","16":"purchasable","17":"product-type-simple"},"_links":{"self":[{"href":"https:\/\/printalert.be\/fr\/wp-json\/wp\/v2\/product\/3802","targetHints":{"allow":["GET"]}}],"collection":[{"href":"https:\/\/printalert.be\/fr\/wp-json\/wp\/v2\/product"}],"about":[{"href":"https:\/\/printalert.be\/fr\/wp-json\/wp\/v2\/types\/product"}],"replies":[{"embeddable":true,"href":"https:\/\/printalert.be\/fr\/wp-json\/wp\/v2\/comments?post=3802"}],"version-history":[{"count":1,"href":"https:\/\/printalert.be\/fr\/wp-json\/wp\/v2\/product\/3802\/revisions"}],"predecessor-version":[{"id":5116,"href":"https:\/\/printalert.be\/fr\/wp-json\/wp\/v2\/product\/3802\/revisions\/5116"}],"wp:featuredmedia":[{"embeddable":true,"href":"https:\/\/printalert.be\/fr\/wp-json\/wp\/v2\/media\/4537"}],"wp:attachment":[{"href":"https:\/\/printalert.be\/fr\/wp-json\/wp\/v2\/media?parent=3802"}],"wp:term":[{"taxonomy":"product_brand","embeddable":true,"href":"https:\/\/printalert.be\/fr\/wp-json\/wp\/v2\/product_brand?post=3802"},{"taxonomy":"product_cat","embeddable":true,"href":"https:\/\/printalert.be\/fr\/wp-json\/wp\/v2\/product_cat?post=3802"},{"taxonomy":"product_tag","embeddable":true,"href":"https:\/\/printalert.be\/fr\/wp-json\/wp\/v2\/product_tag?post=3802"}],"curies":[{"name":"wp","href":"https:\/\/api.w.org\/{rel}","templated":true}]}}