{"id":3814,"date":"2025-06-19T00:49:07","date_gmt":"2025-06-19T00:49:07","guid":{"rendered":"https:\/\/printalert.be\/product\/autocollants-grand-format\/"},"modified":"2026-01-02T11:12:12","modified_gmt":"2026-01-02T11:12:12","slug":"autocollants-grand-format","status":"publish","type":"product","link":"https:\/\/printalert.be\/fr\/produit\/autocollants-grand-format\/","title":{"rendered":"Stickers grand format"},"content":{"rendered":"","protected":false},"excerpt":{"rendered":"<p>Faites sensation avec nos autocollants vinyle grand format, id\u00e9aux pour la signal\u00e9tique ext\u00e9rieure, les vitrines et le marquage des v\u00e9hicules. Ils sont con\u00e7us pour r\u00e9sister aux intemp\u00e9ries et aux UV, tout en offrant une impression en quadrichromie d&rsquo;une nettet\u00e9 exceptionnelle pour une visibilit\u00e9 optimale. Disponibles avec des finitions mates, brillantes ou transparentes, ils assurent une excellente tenue des couleurs dans le temps. Commandez d\u00e8s maintenant et mettez en valeur votre marque avec des stickers professionnels de grand format !<\/p>\n","protected":false},"featured_media":4534,"comment_status":"open","ping_status":"closed","template":"","meta":{"brand_hub_restriction":[],"brand_hub_id":null},"product_brand":[],"product_cat":[99],"product_tag":[163],"class_list":{"0":"post-3814","1":"product","2":"type-product","3":"status-publish","4":"has-post-thumbnail","6":"product_cat-grand-format","7":"product_tag-groot-formaat-populair-fr","9":"first","10":"instock","11":"taxable","12":"shipping-taxable","13":"purchasable","14":"product-type-simple"},"_links":{"self":[{"href":"https:\/\/printalert.be\/fr\/wp-json\/wp\/v2\/product\/3814","targetHints":{"allow":["GET"]}}],"collection":[{"href":"https:\/\/printalert.be\/fr\/wp-json\/wp\/v2\/product"}],"about":[{"href":"https:\/\/printalert.be\/fr\/wp-json\/wp\/v2\/types\/product"}],"replies":[{"embeddable":true,"href":"https:\/\/printalert.be\/fr\/wp-json\/wp\/v2\/comments?post=3814"}],"version-history":[{"count":1,"href":"https:\/\/printalert.be\/fr\/wp-json\/wp\/v2\/product\/3814\/revisions"}],"predecessor-version":[{"id":5059,"href":"https:\/\/printalert.be\/fr\/wp-json\/wp\/v2\/product\/3814\/revisions\/5059"}],"wp:featuredmedia":[{"embeddable":true,"href":"https:\/\/printalert.be\/fr\/wp-json\/wp\/v2\/media\/4534"}],"wp:attachment":[{"href":"https:\/\/printalert.be\/fr\/wp-json\/wp\/v2\/media?parent=3814"}],"wp:term":[{"taxonomy":"product_brand","embeddable":true,"href":"https:\/\/printalert.be\/fr\/wp-json\/wp\/v2\/product_brand?post=3814"},{"taxonomy":"product_cat","embeddable":true,"href":"https:\/\/printalert.be\/fr\/wp-json\/wp\/v2\/product_cat?post=3814"},{"taxonomy":"product_tag","embeddable":true,"href":"https:\/\/printalert.be\/fr\/wp-json\/wp\/v2\/product_tag?post=3814"}],"curies":[{"name":"wp","href":"https:\/\/api.w.org\/{rel}","templated":true}]}}