{"id":3853,"date":"2025-06-19T00:21:59","date_gmt":"2025-06-19T00:21:59","guid":{"rendered":"https:\/\/printalert.be\/product\/bannieres-enroulables\/"},"modified":"2026-01-02T12:55:46","modified_gmt":"2026-01-02T12:55:46","slug":"bannieres-enroulables","status":"publish","type":"product","link":"https:\/\/printalert.be\/fr\/produit\/bannieres-enroulables\/","title":{"rendered":"Banni\u00e8res enroulables"},"content":{"rendered":"","protected":false},"excerpt":{"rendered":"<p>Faites forte impression avec des roll-up banners, id\u00e9aux pour les salons, \u00e9v\u00e9nements et pr\u00e9sentations en magasin. L\u00e9gers, simples \u00e0 installer et faciles \u00e0 ranger, ils assurent une communication efficace gr\u00e2ce \u00e0 une impression de haute qualit\u00e9 et une structure solide. Disponibles dans divers formats et finitions. Commandez d\u00e8s maintenant et attirez tous les regards en un clin d&rsquo;\u0153il !<\/p>\n","protected":false},"featured_media":4009,"comment_status":"open","ping_status":"closed","template":"","meta":{"brand_hub_restriction":[],"brand_hub_id":null},"product_brand":[],"product_cat":[99,95,97],"product_tag":[173,167,137,155,147,191],"class_list":{"0":"post-3853","1":"product","2":"type-product","3":"status-publish","4":"has-post-thumbnail","6":"product_cat-grand-format","7":"product_cat-promotion-fr","8":"product_cat-restauration","9":"product_tag-groot-formaat-beursmaterialen-fr","10":"product_tag-groot-formaat-doekmaterialen-fr","11":"product_tag-homepagina-populair-fr","12":"product_tag-horeca-promotiemateriaal-fr","13":"product_tag-promotie-overige-fr","14":"product_tag-thema-makelaars-en-bouw-fr","16":"first","17":"instock","18":"taxable","19":"shipping-taxable","20":"purchasable","21":"product-type-simple"},"_links":{"self":[{"href":"https:\/\/printalert.be\/fr\/wp-json\/wp\/v2\/product\/3853","targetHints":{"allow":["GET"]}}],"collection":[{"href":"https:\/\/printalert.be\/fr\/wp-json\/wp\/v2\/product"}],"about":[{"href":"https:\/\/printalert.be\/fr\/wp-json\/wp\/v2\/types\/product"}],"replies":[{"embeddable":true,"href":"https:\/\/printalert.be\/fr\/wp-json\/wp\/v2\/comments?post=3853"}],"version-history":[{"count":1,"href":"https:\/\/printalert.be\/fr\/wp-json\/wp\/v2\/product\/3853\/revisions"}],"predecessor-version":[{"id":5088,"href":"https:\/\/printalert.be\/fr\/wp-json\/wp\/v2\/product\/3853\/revisions\/5088"}],"wp:featuredmedia":[{"embeddable":true,"href":"https:\/\/printalert.be\/fr\/wp-json\/wp\/v2\/media\/4009"}],"wp:attachment":[{"href":"https:\/\/printalert.be\/fr\/wp-json\/wp\/v2\/media?parent=3853"}],"wp:term":[{"taxonomy":"product_brand","embeddable":true,"href":"https:\/\/printalert.be\/fr\/wp-json\/wp\/v2\/product_brand?post=3853"},{"taxonomy":"product_cat","embeddable":true,"href":"https:\/\/printalert.be\/fr\/wp-json\/wp\/v2\/product_cat?post=3853"},{"taxonomy":"product_tag","embeddable":true,"href":"https:\/\/printalert.be\/fr\/wp-json\/wp\/v2\/product_tag?post=3853"}],"curies":[{"name":"wp","href":"https:\/\/api.w.org\/{rel}","templated":true}]}}