{"id":4263,"date":"2025-07-04T12:55:34","date_gmt":"2025-07-04T10:55:34","guid":{"rendered":"https:\/\/printalert.be\/product\/cartes-pvc\/"},"modified":"2026-01-02T11:42:32","modified_gmt":"2026-01-02T11:42:32","slug":"cartes-pvc","status":"publish","type":"product","link":"https:\/\/printalert.be\/fr\/produit\/cartes-pvc\/","title":{"rendered":"Cartes PVC"},"content":{"rendered":"","protected":false},"excerpt":{"rendered":"<p>Faites une impression m\u00e9morable avec nos cartes PVC de haute qualit\u00e9. Parfaites pour les cartes de fid\u00e9lit\u00e9, d&rsquo;adh\u00e9sion, les badges ou les cartes-cadeaux. R\u00e9sistantes \u00e0 l&rsquo;usure et \u00e0 l&rsquo;eau, elles se d\u00e9clinent en finitions mates, brillantes ou avec vernis s\u00e9lectif. Gr\u00e2ce \u00e0 une impression ultra-pr\u00e9cise et une robustesse exceptionnelle, vos cartes allient praticit\u00e9 et attrait visuel. Commandez d\u00e8s maintenant et donnez \u00e0 votre marque une image professionnelle !<\/p>\n","protected":false},"featured_media":4352,"comment_status":"open","ping_status":"closed","template":"","meta":{"brand_hub_restriction":[],"brand_hub_id":null},"product_brand":[],"product_cat":[255],"product_tag":[],"class_list":{"0":"post-4263","1":"product","2":"type-product","3":"status-publish","4":"has-post-thumbnail","6":"product_cat-identification-personnalisation","8":"first","9":"instock","10":"taxable","11":"shipping-taxable","12":"purchasable","13":"product-type-simple"},"_links":{"self":[{"href":"https:\/\/printalert.be\/fr\/wp-json\/wp\/v2\/product\/4263","targetHints":{"allow":["GET"]}}],"collection":[{"href":"https:\/\/printalert.be\/fr\/wp-json\/wp\/v2\/product"}],"about":[{"href":"https:\/\/printalert.be\/fr\/wp-json\/wp\/v2\/types\/product"}],"replies":[{"embeddable":true,"href":"https:\/\/printalert.be\/fr\/wp-json\/wp\/v2\/comments?post=4263"}],"version-history":[{"count":1,"href":"https:\/\/printalert.be\/fr\/wp-json\/wp\/v2\/product\/4263\/revisions"}],"predecessor-version":[{"id":5082,"href":"https:\/\/printalert.be\/fr\/wp-json\/wp\/v2\/product\/4263\/revisions\/5082"}],"wp:featuredmedia":[{"embeddable":true,"href":"https:\/\/printalert.be\/fr\/wp-json\/wp\/v2\/media\/4352"}],"wp:attachment":[{"href":"https:\/\/printalert.be\/fr\/wp-json\/wp\/v2\/media?parent=4263"}],"wp:term":[{"taxonomy":"product_brand","embeddable":true,"href":"https:\/\/printalert.be\/fr\/wp-json\/wp\/v2\/product_brand?post=4263"},{"taxonomy":"product_cat","embeddable":true,"href":"https:\/\/printalert.be\/fr\/wp-json\/wp\/v2\/product_cat?post=4263"},{"taxonomy":"product_tag","embeddable":true,"href":"https:\/\/printalert.be\/fr\/wp-json\/wp\/v2\/product_tag?post=4263"}],"curies":[{"name":"wp","href":"https:\/\/api.w.org\/{rel}","templated":true}]}}