{"id":4818,"date":"2025-12-04T19:15:53","date_gmt":"2025-12-04T18:15:53","guid":{"rendered":"https:\/\/printalert.be\/product\/oriflamme\/"},"modified":"2026-01-02T15:15:29","modified_gmt":"2026-01-02T15:15:29","slug":"oriflamme","status":"publish","type":"product","link":"https:\/\/printalert.be\/fr\/produit\/oriflamme\/","title":{"rendered":"Oriflamme"},"content":{"rendered":"","protected":false},"excerpt":{"rendered":"<p>Id\u00e9ales pour les \u00e9v\u00e9nements, salons ou promotions en magasin, ces drapeaux offrent une excellente visibilit\u00e9 gr\u00e2ce \u00e0 leur structure robuste et \u00e0 leurs mat\u00e9riaux r\u00e9sistants aux intemp\u00e9ries. Ils conviennent parfaitement \u00e0 une utilisation int\u00e9rieure comme ext\u00e9rieure et sont disponibles en plusieurs formats et mod\u00e8les enti\u00e8rement personnalisables avec votre logo ou message. Commandez facilement en ligne et attirez l\u2019attention sans effort !<\/p>\n","protected":false},"featured_media":5302,"comment_status":"open","ping_status":"closed","template":"","meta":{"brand_hub_restriction":[],"brand_hub_id":null},"product_brand":[],"product_cat":[99],"product_tag":[],"class_list":{"0":"post-4818","1":"product","2":"type-product","3":"status-publish","4":"has-post-thumbnail","6":"product_cat-grand-format","8":"first","9":"instock","10":"taxable","11":"shipping-taxable","12":"purchasable","13":"product-type-simple"},"_links":{"self":[{"href":"https:\/\/printalert.be\/fr\/wp-json\/wp\/v2\/product\/4818","targetHints":{"allow":["GET"]}}],"collection":[{"href":"https:\/\/printalert.be\/fr\/wp-json\/wp\/v2\/product"}],"about":[{"href":"https:\/\/printalert.be\/fr\/wp-json\/wp\/v2\/types\/product"}],"replies":[{"embeddable":true,"href":"https:\/\/printalert.be\/fr\/wp-json\/wp\/v2\/comments?post=4818"}],"version-history":[{"count":1,"href":"https:\/\/printalert.be\/fr\/wp-json\/wp\/v2\/product\/4818\/revisions"}],"predecessor-version":[{"id":5108,"href":"https:\/\/printalert.be\/fr\/wp-json\/wp\/v2\/product\/4818\/revisions\/5108"}],"wp:featuredmedia":[{"embeddable":true,"href":"https:\/\/printalert.be\/fr\/wp-json\/wp\/v2\/media\/5302"}],"wp:attachment":[{"href":"https:\/\/printalert.be\/fr\/wp-json\/wp\/v2\/media?parent=4818"}],"wp:term":[{"taxonomy":"product_brand","embeddable":true,"href":"https:\/\/printalert.be\/fr\/wp-json\/wp\/v2\/product_brand?post=4818"},{"taxonomy":"product_cat","embeddable":true,"href":"https:\/\/printalert.be\/fr\/wp-json\/wp\/v2\/product_cat?post=4818"},{"taxonomy":"product_tag","embeddable":true,"href":"https:\/\/printalert.be\/fr\/wp-json\/wp\/v2\/product_tag?post=4818"}],"curies":[{"name":"wp","href":"https:\/\/api.w.org\/{rel}","templated":true}]}}