{"id":4859,"date":"2025-12-05T16:45:43","date_gmt":"2025-12-05T15:45:43","guid":{"rendered":"https:\/\/printalert.be\/product\/affiches\/"},"modified":"2025-12-30T14:43:24","modified_gmt":"2025-12-30T14:43:24","slug":"affiches","status":"publish","type":"product","link":"https:\/\/printalert.be\/fr\/produit\/affiches\/","title":{"rendered":"Affiches"},"content":{"rendered":"","protected":false},"excerpt":{"rendered":"<p>Nos affiches constituent une solution fiable et \u00e9conomique pour les promotions, actions et \u00e9v\u00e9nements. Imprim\u00e9es sur un large choix de types de papier, elles offrent des couleurs \u00e9clatantes et des d\u00e9tails nets dans chaque format. Parfaites pour les magasins, vitrines, annonces et campagnes temporaires. Gr\u00e2ce \u00e0 notre impression quadrichromie de haute qualit\u00e9, votre message reste toujours clair et professionnel.<\/p>\n","protected":false},"featured_media":5308,"comment_status":"open","ping_status":"closed","template":"","meta":{"brand_hub_restriction":[],"brand_hub_id":null},"product_brand":[],"product_cat":[95],"product_tag":[137,143],"class_list":{"0":"post-4859","1":"product","2":"type-product","3":"status-publish","4":"has-post-thumbnail","6":"product_cat-promotion-fr","7":"product_tag-homepagina-populair-fr","8":"product_tag-promotie-algemeen-fr","10":"first","11":"instock","12":"taxable","13":"shipping-taxable","14":"purchasable","15":"product-type-simple"},"_links":{"self":[{"href":"https:\/\/printalert.be\/fr\/wp-json\/wp\/v2\/product\/4859","targetHints":{"allow":["GET"]}}],"collection":[{"href":"https:\/\/printalert.be\/fr\/wp-json\/wp\/v2\/product"}],"about":[{"href":"https:\/\/printalert.be\/fr\/wp-json\/wp\/v2\/types\/product"}],"replies":[{"embeddable":true,"href":"https:\/\/printalert.be\/fr\/wp-json\/wp\/v2\/comments?post=4859"}],"version-history":[{"count":1,"href":"https:\/\/printalert.be\/fr\/wp-json\/wp\/v2\/product\/4859\/revisions"}],"predecessor-version":[{"id":5028,"href":"https:\/\/printalert.be\/fr\/wp-json\/wp\/v2\/product\/4859\/revisions\/5028"}],"wp:featuredmedia":[{"embeddable":true,"href":"https:\/\/printalert.be\/fr\/wp-json\/wp\/v2\/media\/5308"}],"wp:attachment":[{"href":"https:\/\/printalert.be\/fr\/wp-json\/wp\/v2\/media?parent=4859"}],"wp:term":[{"taxonomy":"product_brand","embeddable":true,"href":"https:\/\/printalert.be\/fr\/wp-json\/wp\/v2\/product_brand?post=4859"},{"taxonomy":"product_cat","embeddable":true,"href":"https:\/\/printalert.be\/fr\/wp-json\/wp\/v2\/product_cat?post=4859"},{"taxonomy":"product_tag","embeddable":true,"href":"https:\/\/printalert.be\/fr\/wp-json\/wp\/v2\/product_tag?post=4859"}],"curies":[{"name":"wp","href":"https:\/\/api.w.org\/{rel}","templated":true}]}}