{"id":4881,"date":"2025-07-04T12:56:27","date_gmt":"2025-07-04T12:56:27","guid":{"rendered":"https:\/\/printalert.be\/product\/brochures-dos-carre-colle-ecologique\/"},"modified":"2026-01-02T11:02:47","modified_gmt":"2026-01-02T11:02:47","slug":"brochures-dos-carre-colle-ecologique","status":"publish","type":"product","link":"https:\/\/printalert.be\/fr\/produit\/brochures-dos-carre-colle-ecologique\/","title":{"rendered":"Brochures dos carr\u00e9 coll\u00e9 \u00e9cologique"},"content":{"rendered":"","protected":false},"excerpt":{"rendered":"<p>Con\u00e7ues avec des mat\u00e9riaux respectueux de l&rsquo;environnement, elles assurent une finition de haute qualit\u00e9 sans compromettre l&rsquo;excellence. Parfaites pour les catalogues, magazines et rapports annuels, elles offrent une reliure \u00e0 la fois robuste et \u00e9l\u00e9gante. Disponibles en plusieurs formats, sur papier recycl\u00e9 et avec diff\u00e9rentes finitions, elles v\u00e9hiculent votre message avec style et responsabilit\u00e9. Commandez facilement en ligne et affirmez votre engagement \u00e9cologique avec chaque brochure !<\/p>\n","protected":false},"featured_media":4399,"comment_status":"open","ping_status":"closed","template":"","meta":{"brand_hub_restriction":[],"brand_hub_id":null},"product_brand":[],"product_cat":[227,280],"product_tag":[],"class_list":{"0":"post-4881","1":"product","2":"type-product","3":"status-publish","4":"has-post-thumbnail","6":"product_cat-brochures-fr","7":"product_cat-flyers-depliants-brochures-ecologiques","9":"first","10":"instock","11":"taxable","12":"shipping-taxable","13":"purchasable","14":"product-type-simple"},"_links":{"self":[{"href":"https:\/\/printalert.be\/fr\/wp-json\/wp\/v2\/product\/4881","targetHints":{"allow":["GET"]}}],"collection":[{"href":"https:\/\/printalert.be\/fr\/wp-json\/wp\/v2\/product"}],"about":[{"href":"https:\/\/printalert.be\/fr\/wp-json\/wp\/v2\/types\/product"}],"replies":[{"embeddable":true,"href":"https:\/\/printalert.be\/fr\/wp-json\/wp\/v2\/comments?post=4881"}],"version-history":[{"count":1,"href":"https:\/\/printalert.be\/fr\/wp-json\/wp\/v2\/product\/4881\/revisions"}],"predecessor-version":[{"id":5055,"href":"https:\/\/printalert.be\/fr\/wp-json\/wp\/v2\/product\/4881\/revisions\/5055"}],"wp:featuredmedia":[{"embeddable":true,"href":"https:\/\/printalert.be\/fr\/wp-json\/wp\/v2\/media\/4399"}],"wp:attachment":[{"href":"https:\/\/printalert.be\/fr\/wp-json\/wp\/v2\/media?parent=4881"}],"wp:term":[{"taxonomy":"product_brand","embeddable":true,"href":"https:\/\/printalert.be\/fr\/wp-json\/wp\/v2\/product_brand?post=4881"},{"taxonomy":"product_cat","embeddable":true,"href":"https:\/\/printalert.be\/fr\/wp-json\/wp\/v2\/product_cat?post=4881"},{"taxonomy":"product_tag","embeddable":true,"href":"https:\/\/printalert.be\/fr\/wp-json\/wp\/v2\/product_tag?post=4881"}],"curies":[{"name":"wp","href":"https:\/\/api.w.org\/{rel}","templated":true}]}}