{"id":4891,"date":"2025-12-11T16:57:34","date_gmt":"2025-12-11T16:57:34","guid":{"rendered":"https:\/\/printalert.be\/product\/panneaux-rigides\/"},"modified":"2026-01-02T15:41:48","modified_gmt":"2026-01-02T15:41:48","slug":"panneaux-rigides","status":"publish","type":"product","link":"https:\/\/printalert.be\/fr\/produit\/panneaux-rigides\/","title":{"rendered":"Panneaux rigides"},"content":{"rendered":"","protected":false},"excerpt":{"rendered":"<p>D\u00e9couvrez nos panneaux rigides de haute qualit\u00e9 pour vos projets int\u00e9rieurs et ext\u00e9rieurs. Des plaques l\u00e9g\u00e8res aux panneaux r\u00e9sistants aux intemp\u00e9ries, chaque mat\u00e9riau offre un rendu professionnel pour la signal\u00e9tique, l\u2019affichage et la d\u00e9coration. Choisissez le support id\u00e9al et donnez \u00e0 votre message une visibilit\u00e9 nette et durable.<\/p>\n","protected":false},"featured_media":5280,"comment_status":"open","ping_status":"closed","template":"","meta":{"brand_hub_restriction":[],"brand_hub_id":null},"product_brand":[],"product_cat":[99],"product_tag":[173,175,169,163],"class_list":{"0":"post-4891","1":"product","2":"type-product","3":"status-publish","4":"has-post-thumbnail","6":"product_cat-grand-format","7":"product_tag-groot-formaat-beursmaterialen-fr","8":"product_tag-groot-formaat-overige-fr","9":"product_tag-groot-formaat-plaatmaterialen-fr","10":"product_tag-groot-formaat-populair-fr","12":"first","13":"instock","14":"taxable","15":"shipping-taxable","16":"purchasable","17":"product-type-simple"},"_links":{"self":[{"href":"https:\/\/printalert.be\/fr\/wp-json\/wp\/v2\/product\/4891","targetHints":{"allow":["GET"]}}],"collection":[{"href":"https:\/\/printalert.be\/fr\/wp-json\/wp\/v2\/product"}],"about":[{"href":"https:\/\/printalert.be\/fr\/wp-json\/wp\/v2\/types\/product"}],"replies":[{"embeddable":true,"href":"https:\/\/printalert.be\/fr\/wp-json\/wp\/v2\/comments?post=4891"}],"version-history":[{"count":1,"href":"https:\/\/printalert.be\/fr\/wp-json\/wp\/v2\/product\/4891\/revisions"}],"predecessor-version":[{"id":5114,"href":"https:\/\/printalert.be\/fr\/wp-json\/wp\/v2\/product\/4891\/revisions\/5114"}],"wp:featuredmedia":[{"embeddable":true,"href":"https:\/\/printalert.be\/fr\/wp-json\/wp\/v2\/media\/5280"}],"wp:attachment":[{"href":"https:\/\/printalert.be\/fr\/wp-json\/wp\/v2\/media?parent=4891"}],"wp:term":[{"taxonomy":"product_brand","embeddable":true,"href":"https:\/\/printalert.be\/fr\/wp-json\/wp\/v2\/product_brand?post=4891"},{"taxonomy":"product_cat","embeddable":true,"href":"https:\/\/printalert.be\/fr\/wp-json\/wp\/v2\/product_cat?post=4891"},{"taxonomy":"product_tag","embeddable":true,"href":"https:\/\/printalert.be\/fr\/wp-json\/wp\/v2\/product_tag?post=4891"}],"curies":[{"name":"wp","href":"https:\/\/api.w.org\/{rel}","templated":true}]}}