{"id":4894,"date":"2025-12-11T17:06:13","date_gmt":"2025-12-11T17:06:13","guid":{"rendered":"https:\/\/printalert.be\/product\/blocs-autocopiants\/"},"modified":"2026-01-02T11:34:58","modified_gmt":"2026-01-02T11:34:58","slug":"blocs-autocopiants","status":"publish","type":"product","link":"https:\/\/printalert.be\/fr\/produit\/blocs-autocopiants\/","title":{"rendered":"Blocs Autocopiants"},"content":{"rendered":"","protected":false},"excerpt":{"rendered":"<p>Nos blocs autocopiants offrent une solution pratique pour g\u00e9rer commandes, livraisons et documents administratifs. Gr\u00e2ce au papier NCR de haute qualit\u00e9, chaque feuillet reproduit fid\u00e8lement les copies sans carbone. Id\u00e9al pour les entreprises recherchant des blocs personnalis\u00e9s en duplicata, triplicata ou diff\u00e9rents formats.<\/p>\n","protected":false},"featured_media":4954,"comment_status":"open","ping_status":"closed","template":"","meta":{"brand_hub_restriction":[],"brand_hub_id":null},"product_brand":[],"product_cat":[248],"product_tag":[189,191],"class_list":{"0":"post-4894","1":"product","2":"type-product","3":"status-publish","4":"has-post-thumbnail","6":"product_cat-blocs-notes-formulaires","7":"product_tag-thema-kantoor-fr","8":"product_tag-thema-makelaars-en-bouw-fr","10":"first","11":"instock","12":"taxable","13":"shipping-taxable","14":"purchasable","15":"product-type-simple"},"_links":{"self":[{"href":"https:\/\/printalert.be\/fr\/wp-json\/wp\/v2\/product\/4894","targetHints":{"allow":["GET"]}}],"collection":[{"href":"https:\/\/printalert.be\/fr\/wp-json\/wp\/v2\/product"}],"about":[{"href":"https:\/\/printalert.be\/fr\/wp-json\/wp\/v2\/types\/product"}],"replies":[{"embeddable":true,"href":"https:\/\/printalert.be\/fr\/wp-json\/wp\/v2\/comments?post=4894"}],"version-history":[{"count":1,"href":"https:\/\/printalert.be\/fr\/wp-json\/wp\/v2\/product\/4894\/revisions"}],"predecessor-version":[{"id":5076,"href":"https:\/\/printalert.be\/fr\/wp-json\/wp\/v2\/product\/4894\/revisions\/5076"}],"wp:featuredmedia":[{"embeddable":true,"href":"https:\/\/printalert.be\/fr\/wp-json\/wp\/v2\/media\/4954"}],"wp:attachment":[{"href":"https:\/\/printalert.be\/fr\/wp-json\/wp\/v2\/media?parent=4894"}],"wp:term":[{"taxonomy":"product_brand","embeddable":true,"href":"https:\/\/printalert.be\/fr\/wp-json\/wp\/v2\/product_brand?post=4894"},{"taxonomy":"product_cat","embeddable":true,"href":"https:\/\/printalert.be\/fr\/wp-json\/wp\/v2\/product_cat?post=4894"},{"taxonomy":"product_tag","embeddable":true,"href":"https:\/\/printalert.be\/fr\/wp-json\/wp\/v2\/product_tag?post=4894"}],"curies":[{"name":"wp","href":"https:\/\/api.w.org\/{rel}","templated":true}]}}