{"id":4897,"date":"2025-12-11T19:53:44","date_gmt":"2025-12-11T19:53:44","guid":{"rendered":"https:\/\/printalert.be\/product\/enveloppes-personnalisees\/"},"modified":"2026-01-02T11:28:12","modified_gmt":"2026-01-02T11:28:12","slug":"enveloppes-personnalisees","status":"publish","type":"product","link":"https:\/\/printalert.be\/fr\/produit\/enveloppes-personnalisees\/","title":{"rendered":"Enveloppes personnalis\u00e9es"},"content":{"rendered":"","protected":false},"excerpt":{"rendered":"<p>Donnez une touche professionnelle \u00e0 vos envois avec nos enveloppes personnalis\u00e9es. Id\u00e9ales pour factures, devis et correspondance commerciale. Choisissez parmi plusieurs formats et imprimez votre logo ou identit\u00e9 visuelle avec une qualit\u00e9 nette et soign\u00e9e. Des enveloppes parfaites pour renforcer votre image de marque et impressionner vos destinataires.<\/p>\n","protected":false},"featured_media":4410,"comment_status":"open","ping_status":"closed","template":"","meta":{"brand_hub_restriction":[],"brand_hub_id":null},"product_brand":[],"product_cat":[243],"product_tag":[147,185,187,189,191],"class_list":{"0":"post-4897","1":"product","2":"type-product","3":"status-publish","4":"has-post-thumbnail","6":"product_cat-imprimes-de-bureau","7":"product_tag-promotie-overige-fr","8":"product_tag-thema-events-fr","9":"product_tag-thema-horeca-fr","10":"product_tag-thema-kantoor-fr","11":"product_tag-thema-makelaars-en-bouw-fr","13":"first","14":"instock","15":"taxable","16":"shipping-taxable","17":"purchasable","18":"product-type-simple"},"_links":{"self":[{"href":"https:\/\/printalert.be\/fr\/wp-json\/wp\/v2\/product\/4897","targetHints":{"allow":["GET"]}}],"collection":[{"href":"https:\/\/printalert.be\/fr\/wp-json\/wp\/v2\/product"}],"about":[{"href":"https:\/\/printalert.be\/fr\/wp-json\/wp\/v2\/types\/product"}],"replies":[{"embeddable":true,"href":"https:\/\/printalert.be\/fr\/wp-json\/wp\/v2\/comments?post=4897"}],"version-history":[{"count":1,"href":"https:\/\/printalert.be\/fr\/wp-json\/wp\/v2\/product\/4897\/revisions"}],"predecessor-version":[{"id":5069,"href":"https:\/\/printalert.be\/fr\/wp-json\/wp\/v2\/product\/4897\/revisions\/5069"}],"wp:featuredmedia":[{"embeddable":true,"href":"https:\/\/printalert.be\/fr\/wp-json\/wp\/v2\/media\/4410"}],"wp:attachment":[{"href":"https:\/\/printalert.be\/fr\/wp-json\/wp\/v2\/media?parent=4897"}],"wp:term":[{"taxonomy":"product_brand","embeddable":true,"href":"https:\/\/printalert.be\/fr\/wp-json\/wp\/v2\/product_brand?post=4897"},{"taxonomy":"product_cat","embeddable":true,"href":"https:\/\/printalert.be\/fr\/wp-json\/wp\/v2\/product_cat?post=4897"},{"taxonomy":"product_tag","embeddable":true,"href":"https:\/\/printalert.be\/fr\/wp-json\/wp\/v2\/product_tag?post=4897"}],"curies":[{"name":"wp","href":"https:\/\/api.w.org\/{rel}","templated":true}]}}