{"id":4905,"date":"2025-12-15T21:35:34","date_gmt":"2025-12-15T21:35:34","guid":{"rendered":"https:\/\/printalert.be\/product\/brochures-agrafees-2\/"},"modified":"2026-01-02T10:52:10","modified_gmt":"2026-01-02T10:52:10","slug":"brochures-agrafees-2","status":"publish","type":"product","link":"https:\/\/printalert.be\/fr\/produit\/brochures-agrafees-2\/","title":{"rendered":"Brochures agraf\u00e9es"},"content":{"rendered":"","protected":false},"excerpt":{"rendered":"<p>Les brochures agraf\u00e9es constituent une solution populaire et \u00e9conomique pour magazines, catalogues, manuels et supports de communication. L\u2019agrafage solide permet une ouverture parfaitement \u00e0 plat. Choisissez parmi diff\u00e9rents formats, papiers et finitions pour pr\u00e9senter votre contenu de mani\u00e8re claire, professionnelle et attrayante.<\/p>\n","protected":false},"featured_media":4396,"comment_status":"open","ping_status":"closed","template":"","meta":{"brand_hub_restriction":[],"brand_hub_id":null},"product_brand":[],"product_cat":[95],"product_tag":[143,185],"class_list":{"0":"post-4905","1":"product","2":"type-product","3":"status-publish","4":"has-post-thumbnail","6":"product_cat-promotion-fr","7":"product_tag-promotie-algemeen-fr","8":"product_tag-thema-events-fr","10":"first","11":"instock","12":"taxable","13":"shipping-taxable","14":"purchasable","15":"product-type-simple"},"_links":{"self":[{"href":"https:\/\/printalert.be\/fr\/wp-json\/wp\/v2\/product\/4905","targetHints":{"allow":["GET"]}}],"collection":[{"href":"https:\/\/printalert.be\/fr\/wp-json\/wp\/v2\/product"}],"about":[{"href":"https:\/\/printalert.be\/fr\/wp-json\/wp\/v2\/types\/product"}],"replies":[{"embeddable":true,"href":"https:\/\/printalert.be\/fr\/wp-json\/wp\/v2\/comments?post=4905"}],"version-history":[{"count":1,"href":"https:\/\/printalert.be\/fr\/wp-json\/wp\/v2\/product\/4905\/revisions"}],"predecessor-version":[{"id":5048,"href":"https:\/\/printalert.be\/fr\/wp-json\/wp\/v2\/product\/4905\/revisions\/5048"}],"wp:featuredmedia":[{"embeddable":true,"href":"https:\/\/printalert.be\/fr\/wp-json\/wp\/v2\/media\/4396"}],"wp:attachment":[{"href":"https:\/\/printalert.be\/fr\/wp-json\/wp\/v2\/media?parent=4905"}],"wp:term":[{"taxonomy":"product_brand","embeddable":true,"href":"https:\/\/printalert.be\/fr\/wp-json\/wp\/v2\/product_brand?post=4905"},{"taxonomy":"product_cat","embeddable":true,"href":"https:\/\/printalert.be\/fr\/wp-json\/wp\/v2\/product_cat?post=4905"},{"taxonomy":"product_tag","embeddable":true,"href":"https:\/\/printalert.be\/fr\/wp-json\/wp\/v2\/product_tag?post=4905"}],"curies":[{"name":"wp","href":"https:\/\/api.w.org\/{rel}","templated":true}]}}