{"id":4908,"date":"2025-12-22T06:29:11","date_gmt":"2025-12-22T05:29:11","guid":{"rendered":"https:\/\/printalert.be\/product\/brochures-agrafees-eco\/"},"modified":"2026-01-02T15:53:16","modified_gmt":"2026-01-02T15:53:16","slug":"brochures-agrafees-eco","status":"publish","type":"product","link":"https:\/\/printalert.be\/fr\/produit\/brochures-agrafees-eco\/","title":{"rendered":"Brochures agraf\u00e9es \u00e9co"},"content":{"rendered":"","protected":false},"excerpt":{"rendered":"<p>Nos brochures agraf\u00e9es \u00e9co associent une pr\u00e9sentation professionnelle au respect de l\u2019environnement. Elles sont imprim\u00e9es sur papier durable avec une attention particuli\u00e8re \u00e0 l\u2019origine et \u00e0 la qualit\u00e9. Id\u00e9ales pour les entreprises, associations et \u00e9v\u00e9nements qui souhaitent communiquer clairement tout en choisissant consciemment une solution d\u2019impression \u00e9cologique sans compromis sur le prix et finition.<\/p>\n","protected":false},"featured_media":4393,"comment_status":"open","ping_status":"closed","template":"","meta":{"brand_hub_restriction":[],"brand_hub_id":null},"product_brand":[],"product_cat":[101,95],"product_tag":[185,189,191],"class_list":{"0":"post-4908","1":"product","2":"type-product","3":"status-publish","4":"has-post-thumbnail","6":"product_cat-ecologique-impression-durable","7":"product_cat-promotion-fr","8":"product_tag-thema-events-fr","9":"product_tag-thema-kantoor-fr","10":"product_tag-thema-makelaars-en-bouw-fr","12":"first","13":"instock","14":"taxable","15":"shipping-taxable","16":"purchasable","17":"product-type-simple"},"_links":{"self":[{"href":"https:\/\/printalert.be\/fr\/wp-json\/wp\/v2\/product\/4908","targetHints":{"allow":["GET"]}}],"collection":[{"href":"https:\/\/printalert.be\/fr\/wp-json\/wp\/v2\/product"}],"about":[{"href":"https:\/\/printalert.be\/fr\/wp-json\/wp\/v2\/types\/product"}],"replies":[{"embeddable":true,"href":"https:\/\/printalert.be\/fr\/wp-json\/wp\/v2\/comments?post=4908"}],"version-history":[{"count":1,"href":"https:\/\/printalert.be\/fr\/wp-json\/wp\/v2\/product\/4908\/revisions"}],"predecessor-version":[{"id":5051,"href":"https:\/\/printalert.be\/fr\/wp-json\/wp\/v2\/product\/4908\/revisions\/5051"}],"wp:featuredmedia":[{"embeddable":true,"href":"https:\/\/printalert.be\/fr\/wp-json\/wp\/v2\/media\/4393"}],"wp:attachment":[{"href":"https:\/\/printalert.be\/fr\/wp-json\/wp\/v2\/media?parent=4908"}],"wp:term":[{"taxonomy":"product_brand","embeddable":true,"href":"https:\/\/printalert.be\/fr\/wp-json\/wp\/v2\/product_brand?post=4908"},{"taxonomy":"product_cat","embeddable":true,"href":"https:\/\/printalert.be\/fr\/wp-json\/wp\/v2\/product_cat?post=4908"},{"taxonomy":"product_tag","embeddable":true,"href":"https:\/\/printalert.be\/fr\/wp-json\/wp\/v2\/product_tag?post=4908"}],"curies":[{"name":"wp","href":"https:\/\/api.w.org\/{rel}","templated":true}]}}