{"id":4911,"date":"2025-12-22T10:28:53","date_gmt":"2025-12-22T10:28:53","guid":{"rendered":"https:\/\/printalert.be\/product\/flyers-eco\/"},"modified":"2025-12-30T16:16:34","modified_gmt":"2025-12-30T16:16:34","slug":"flyers-eco","status":"publish","type":"product","link":"https:\/\/printalert.be\/fr\/produit\/flyers-eco\/","title":{"rendered":"Flyers \u00e9co"},"content":{"rendered":"","protected":false},"excerpt":{"rendered":"<p>Nos flyers \u00e9co constituent le choix id\u00e9al pour communiquer efficacement tout en respectant l\u2019environnement. Ils sont imprim\u00e9s sur des papiers durables avec une attention particuli\u00e8re port\u00e9e \u00e0 la qualit\u00e9 et au rendu. Parfaits pour les promotions, actions et \u00e9v\u00e9nements o\u00f9 une impression responsable est essentielle, sans compromis sur l\u2019intensit\u00e9 des couleurs, la finition ou le prix.<\/p>\n","protected":false},"featured_media":4414,"comment_status":"open","ping_status":"closed","template":"","meta":{"brand_hub_restriction":[],"brand_hub_id":null},"product_brand":[],"product_cat":[101],"product_tag":[181,177,179,185,189],"class_list":{"0":"post-4911","1":"product","2":"type-product","3":"status-publish","4":"has-post-thumbnail","6":"product_cat-ecologique-impression-durable","7":"product_tag-eco-horeca-fr","8":"product_tag-eco-populair-fr","9":"product_tag-eco-promotioneel-fr","10":"product_tag-thema-events-fr","11":"product_tag-thema-kantoor-fr","13":"first","14":"instock","15":"taxable","16":"shipping-taxable","17":"purchasable","18":"product-type-simple"},"_links":{"self":[{"href":"https:\/\/printalert.be\/fr\/wp-json\/wp\/v2\/product\/4911","targetHints":{"allow":["GET"]}}],"collection":[{"href":"https:\/\/printalert.be\/fr\/wp-json\/wp\/v2\/product"}],"about":[{"href":"https:\/\/printalert.be\/fr\/wp-json\/wp\/v2\/types\/product"}],"replies":[{"embeddable":true,"href":"https:\/\/printalert.be\/fr\/wp-json\/wp\/v2\/comments?post=4911"}],"version-history":[{"count":1,"href":"https:\/\/printalert.be\/fr\/wp-json\/wp\/v2\/product\/4911\/revisions"}],"predecessor-version":[{"id":5032,"href":"https:\/\/printalert.be\/fr\/wp-json\/wp\/v2\/product\/4911\/revisions\/5032"}],"wp:featuredmedia":[{"embeddable":true,"href":"https:\/\/printalert.be\/fr\/wp-json\/wp\/v2\/media\/4414"}],"wp:attachment":[{"href":"https:\/\/printalert.be\/fr\/wp-json\/wp\/v2\/media?parent=4911"}],"wp:term":[{"taxonomy":"product_brand","embeddable":true,"href":"https:\/\/printalert.be\/fr\/wp-json\/wp\/v2\/product_brand?post=4911"},{"taxonomy":"product_cat","embeddable":true,"href":"https:\/\/printalert.be\/fr\/wp-json\/wp\/v2\/product_cat?post=4911"},{"taxonomy":"product_tag","embeddable":true,"href":"https:\/\/printalert.be\/fr\/wp-json\/wp\/v2\/product_tag?post=4911"}],"curies":[{"name":"wp","href":"https:\/\/api.w.org\/{rel}","templated":true}]}}