{"id":4916,"date":"2025-12-03T20:56:45","date_gmt":"2025-12-03T20:56:45","guid":{"rendered":"https:\/\/printalert.be\/product\/flyers-sur-papier-standard\/"},"modified":"2025-12-30T16:25:56","modified_gmt":"2025-12-30T16:25:56","slug":"flyers-sur-papier-standard","status":"publish","type":"product","link":"https:\/\/printalert.be\/fr\/produit\/flyers-sur-papier-standard\/","title":{"rendered":"Flyers sur papier standard"},"content":{"rendered":"","protected":false},"excerpt":{"rendered":"<p>Nos flyers sur papier standard sont imprim\u00e9s sur papier Maco mat, Maco brillant ou offset blanc et sont disponibles en plusieurs formats et grammages. Une option fiable et \u00e9conomique pour les promotions, \u00e9v\u00e9nements, campagnes et actions marketing quotidiennes. Impression quadrichromie de haute qualit\u00e9, d\u00e9tails nets et r\u00e9sultat constant \u00e0 chaque tirage.<\/p>\n","protected":false},"featured_media":4791,"comment_status":"open","ping_status":"closed","template":"","meta":{"brand_hub_restriction":[],"brand_hub_id":null},"product_brand":[],"product_cat":[95],"product_tag":[137],"class_list":{"0":"post-4916","1":"product","2":"type-product","3":"status-publish","4":"has-post-thumbnail","6":"product_cat-promotion-fr","7":"product_tag-homepagina-populair-fr","9":"first","10":"instock","11":"taxable","12":"shipping-taxable","13":"purchasable","14":"product-type-simple"},"_links":{"self":[{"href":"https:\/\/printalert.be\/fr\/wp-json\/wp\/v2\/product\/4916","targetHints":{"allow":["GET"]}}],"collection":[{"href":"https:\/\/printalert.be\/fr\/wp-json\/wp\/v2\/product"}],"about":[{"href":"https:\/\/printalert.be\/fr\/wp-json\/wp\/v2\/types\/product"}],"replies":[{"embeddable":true,"href":"https:\/\/printalert.be\/fr\/wp-json\/wp\/v2\/comments?post=4916"}],"version-history":[{"count":1,"href":"https:\/\/printalert.be\/fr\/wp-json\/wp\/v2\/product\/4916\/revisions"}],"predecessor-version":[{"id":5034,"href":"https:\/\/printalert.be\/fr\/wp-json\/wp\/v2\/product\/4916\/revisions\/5034"}],"wp:featuredmedia":[{"embeddable":true,"href":"https:\/\/printalert.be\/fr\/wp-json\/wp\/v2\/media\/4791"}],"wp:attachment":[{"href":"https:\/\/printalert.be\/fr\/wp-json\/wp\/v2\/media?parent=4916"}],"wp:term":[{"taxonomy":"product_brand","embeddable":true,"href":"https:\/\/printalert.be\/fr\/wp-json\/wp\/v2\/product_brand?post=4916"},{"taxonomy":"product_cat","embeddable":true,"href":"https:\/\/printalert.be\/fr\/wp-json\/wp\/v2\/product_cat?post=4916"},{"taxonomy":"product_tag","embeddable":true,"href":"https:\/\/printalert.be\/fr\/wp-json\/wp\/v2\/product_tag?post=4916"}],"curies":[{"name":"wp","href":"https:\/\/api.w.org\/{rel}","templated":true}]}}