{"id":4928,"date":"2025-12-25T08:50:44","date_gmt":"2025-12-25T08:50:44","guid":{"rendered":"https:\/\/printalert.be\/product\/sets-de-table\/"},"modified":"2026-01-02T12:43:27","modified_gmt":"2026-01-02T12:43:27","slug":"sets-de-table","status":"publish","type":"product","link":"https:\/\/printalert.be\/fr\/produit\/sets-de-table\/","title":{"rendered":"Sets de table"},"content":{"rendered":"","protected":false},"excerpt":{"rendered":"<p>Nos sets de table allient praticit\u00e9 et impact visuel pour l\u2019horeca, les \u00e9v\u00e9nements et les actions promotionnelles. Imprim\u00e9s en quadrichromie sur papier de qualit\u00e9, ils valorisent la pr\u00e9sentation des tables tout en renfor\u00e7ant votre image ou votre message. Une solution id\u00e9ale pour les restaurants, caf\u00e9s et campagnes temporaires.<\/p>\n","protected":false},"featured_media":4439,"comment_status":"open","ping_status":"closed","template":"","meta":{"brand_hub_restriction":[],"brand_hub_id":null},"product_brand":[],"product_cat":[97],"product_tag":[149,153,187],"class_list":{"0":"post-4928","1":"product","2":"type-product","3":"status-publish","4":"has-post-thumbnail","6":"product_cat-restauration","7":"product_tag-horeca-populair-fr","8":"product_tag-horeca-tafeldecoratie-fr","9":"product_tag-thema-horeca-fr","11":"first","12":"instock","13":"taxable","14":"shipping-taxable","15":"purchasable","16":"product-type-simple"},"_links":{"self":[{"href":"https:\/\/printalert.be\/fr\/wp-json\/wp\/v2\/product\/4928","targetHints":{"allow":["GET"]}}],"collection":[{"href":"https:\/\/printalert.be\/fr\/wp-json\/wp\/v2\/product"}],"about":[{"href":"https:\/\/printalert.be\/fr\/wp-json\/wp\/v2\/types\/product"}],"replies":[{"embeddable":true,"href":"https:\/\/printalert.be\/fr\/wp-json\/wp\/v2\/comments?post=4928"}],"version-history":[{"count":1,"href":"https:\/\/printalert.be\/fr\/wp-json\/wp\/v2\/product\/4928\/revisions"}],"predecessor-version":[{"id":5085,"href":"https:\/\/printalert.be\/fr\/wp-json\/wp\/v2\/product\/4928\/revisions\/5085"}],"wp:featuredmedia":[{"embeddable":true,"href":"https:\/\/printalert.be\/fr\/wp-json\/wp\/v2\/media\/4439"}],"wp:attachment":[{"href":"https:\/\/printalert.be\/fr\/wp-json\/wp\/v2\/media?parent=4928"}],"wp:term":[{"taxonomy":"product_brand","embeddable":true,"href":"https:\/\/printalert.be\/fr\/wp-json\/wp\/v2\/product_brand?post=4928"},{"taxonomy":"product_cat","embeddable":true,"href":"https:\/\/printalert.be\/fr\/wp-json\/wp\/v2\/product_cat?post=4928"},{"taxonomy":"product_tag","embeddable":true,"href":"https:\/\/printalert.be\/fr\/wp-json\/wp\/v2\/product_tag?post=4928"}],"curies":[{"name":"wp","href":"https:\/\/api.w.org\/{rel}","templated":true}]}}