{"id":4934,"date":"2025-12-26T10:04:10","date_gmt":"2025-12-26T10:04:10","guid":{"rendered":"https:\/\/printalert.be\/product\/chemises-de-presentation\/"},"modified":"2026-01-02T11:40:14","modified_gmt":"2026-01-02T11:40:14","slug":"chemises-de-presentation","status":"publish","type":"product","link":"https:\/\/printalert.be\/fr\/produit\/chemises-de-presentation\/","title":{"rendered":"Chemises de pr\u00e9sentation"},"content":{"rendered":"","protected":false},"excerpt":{"rendered":"<p>Nos chemises de pr\u00e9sentation permettent de regrouper et pr\u00e9senter vos documents, devis et brochures de mani\u00e8re professionnelle. Les mod\u00e8les \u00e0 deux volets avec rabats, au format vertical, assurent une pr\u00e9sentation soign\u00e9e et structur\u00e9e. Gr\u00e2ce \u00e0 une impression de qualit\u00e9 et diverses finitions, elles valorisent efficacement votre image de marque.<\/p>\n","protected":false},"featured_media":4504,"comment_status":"open","ping_status":"closed","template":"","meta":{"brand_hub_restriction":[],"brand_hub_id":null},"product_brand":[],"product_cat":[251],"product_tag":[189,191],"class_list":{"0":"post-4934","1":"product","2":"type-product","3":"status-publish","4":"has-post-thumbnail","6":"product_cat-presentation-organisation-fr","7":"product_tag-thema-kantoor-fr","8":"product_tag-thema-makelaars-en-bouw-fr","10":"first","11":"instock","12":"taxable","13":"shipping-taxable","14":"purchasable","15":"product-type-simple"},"_links":{"self":[{"href":"https:\/\/printalert.be\/fr\/wp-json\/wp\/v2\/product\/4934","targetHints":{"allow":["GET"]}}],"collection":[{"href":"https:\/\/printalert.be\/fr\/wp-json\/wp\/v2\/product"}],"about":[{"href":"https:\/\/printalert.be\/fr\/wp-json\/wp\/v2\/types\/product"}],"replies":[{"embeddable":true,"href":"https:\/\/printalert.be\/fr\/wp-json\/wp\/v2\/comments?post=4934"}],"version-history":[{"count":1,"href":"https:\/\/printalert.be\/fr\/wp-json\/wp\/v2\/product\/4934\/revisions"}],"predecessor-version":[{"id":5080,"href":"https:\/\/printalert.be\/fr\/wp-json\/wp\/v2\/product\/4934\/revisions\/5080"}],"wp:featuredmedia":[{"embeddable":true,"href":"https:\/\/printalert.be\/fr\/wp-json\/wp\/v2\/media\/4504"}],"wp:attachment":[{"href":"https:\/\/printalert.be\/fr\/wp-json\/wp\/v2\/media?parent=4934"}],"wp:term":[{"taxonomy":"product_brand","embeddable":true,"href":"https:\/\/printalert.be\/fr\/wp-json\/wp\/v2\/product_brand?post=4934"},{"taxonomy":"product_cat","embeddable":true,"href":"https:\/\/printalert.be\/fr\/wp-json\/wp\/v2\/product_cat?post=4934"},{"taxonomy":"product_tag","embeddable":true,"href":"https:\/\/printalert.be\/fr\/wp-json\/wp\/v2\/product_tag?post=4934"}],"curies":[{"name":"wp","href":"https:\/\/api.w.org\/{rel}","templated":true}]}}