{"id":4943,"date":"2025-12-27T20:58:43","date_gmt":"2025-12-27T19:58:43","guid":{"rendered":"https:\/\/printalert.be\/product\/stickers-en-rouleau\/"},"modified":"2026-01-02T11:14:31","modified_gmt":"2026-01-02T11:14:31","slug":"stickers-en-rouleau","status":"publish","type":"product","link":"https:\/\/printalert.be\/fr\/produit\/stickers-en-rouleau\/","title":{"rendered":"Stickers en rouleau"},"content":{"rendered":"","protected":false},"excerpt":{"rendered":"<p>Nos stickers en rouleau sont con\u00e7us pour une application rapide, manuelle ou via des syst\u00e8mes d\u2019\u00e9tiquetage automatiques. Disponibles en diff\u00e9rents mat\u00e9riaux tels que films adh\u00e9sifs blancs ou transparents, autocollants papier et films \u00e0 effets sp\u00e9ciaux. Propos\u00e9s en plusieurs formes, formats et quantit\u00e9s, avec des adh\u00e9sifs fiables pour l\u2019emballage, la logistique et le commerce.<\/p>\n","protected":false},"featured_media":4197,"comment_status":"open","ping_status":"closed","template":"","meta":{"brand_hub_restriction":[],"brand_hub_id":null},"product_brand":[],"product_cat":[97],"product_tag":[187,189],"class_list":{"0":"post-4943","1":"product","2":"type-product","3":"status-publish","4":"has-post-thumbnail","6":"product_cat-restauration","7":"product_tag-thema-horeca-fr","8":"product_tag-thema-kantoor-fr","10":"first","11":"instock","12":"taxable","13":"shipping-taxable","14":"purchasable","15":"product-type-simple"},"_links":{"self":[{"href":"https:\/\/printalert.be\/fr\/wp-json\/wp\/v2\/product\/4943","targetHints":{"allow":["GET"]}}],"collection":[{"href":"https:\/\/printalert.be\/fr\/wp-json\/wp\/v2\/product"}],"about":[{"href":"https:\/\/printalert.be\/fr\/wp-json\/wp\/v2\/types\/product"}],"replies":[{"embeddable":true,"href":"https:\/\/printalert.be\/fr\/wp-json\/wp\/v2\/comments?post=4943"}],"version-history":[{"count":1,"href":"https:\/\/printalert.be\/fr\/wp-json\/wp\/v2\/product\/4943\/revisions"}],"predecessor-version":[{"id":5063,"href":"https:\/\/printalert.be\/fr\/wp-json\/wp\/v2\/product\/4943\/revisions\/5063"}],"wp:featuredmedia":[{"embeddable":true,"href":"https:\/\/printalert.be\/fr\/wp-json\/wp\/v2\/media\/4197"}],"wp:attachment":[{"href":"https:\/\/printalert.be\/fr\/wp-json\/wp\/v2\/media?parent=4943"}],"wp:term":[{"taxonomy":"product_brand","embeddable":true,"href":"https:\/\/printalert.be\/fr\/wp-json\/wp\/v2\/product_brand?post=4943"},{"taxonomy":"product_cat","embeddable":true,"href":"https:\/\/printalert.be\/fr\/wp-json\/wp\/v2\/product_cat?post=4943"},{"taxonomy":"product_tag","embeddable":true,"href":"https:\/\/printalert.be\/fr\/wp-json\/wp\/v2\/product_tag?post=4943"}],"curies":[{"name":"wp","href":"https:\/\/api.w.org\/{rel}","templated":true}]}}