{"id":5002,"date":"2025-12-27T15:51:58","date_gmt":"2025-12-27T15:51:58","guid":{"rendered":"https:\/\/printalert.be\/product\/autocollants-petit-format\/"},"modified":"2026-01-02T11:08:11","modified_gmt":"2026-01-02T11:08:11","slug":"autocollants-petit-format","status":"publish","type":"product","link":"https:\/\/printalert.be\/fr\/produit\/autocollants-petit-format\/","title":{"rendered":"Stickers petit format"},"content":{"rendered":"","protected":false},"excerpt":{"rendered":"<p>Les autocollants petit format pour usage ext\u00e9rieur sont con\u00e7us pour une durabilit\u00e9 optimale en ext\u00e9rieur. Imprim\u00e9s sur un mat\u00e9riau r\u00e9sistant aux intemp\u00e9ries avec un adh\u00e9sif puissant, ils adh\u00e8rent parfaitement aux surfaces lisses comme le verre, les panneaux et les supports rigides. Id\u00e9als pour la promotion, la signal\u00e9tique et l\u2019identification.<\/p>\n","protected":false},"featured_media":3053,"comment_status":"open","ping_status":"closed","template":"","meta":{"brand_hub_restriction":[],"brand_hub_id":null},"product_brand":[],"product_cat":[95],"product_tag":[137,143],"class_list":{"0":"post-5002","1":"product","2":"type-product","3":"status-publish","4":"has-post-thumbnail","6":"product_cat-promotion-fr","7":"product_tag-homepagina-populair-fr","8":"product_tag-promotie-algemeen-fr","10":"first","11":"instock","12":"taxable","13":"shipping-taxable","14":"purchasable","15":"product-type-simple"},"_links":{"self":[{"href":"https:\/\/printalert.be\/fr\/wp-json\/wp\/v2\/product\/5002","targetHints":{"allow":["GET"]}}],"collection":[{"href":"https:\/\/printalert.be\/fr\/wp-json\/wp\/v2\/product"}],"about":[{"href":"https:\/\/printalert.be\/fr\/wp-json\/wp\/v2\/types\/product"}],"replies":[{"embeddable":true,"href":"https:\/\/printalert.be\/fr\/wp-json\/wp\/v2\/comments?post=5002"}],"version-history":[{"count":1,"href":"https:\/\/printalert.be\/fr\/wp-json\/wp\/v2\/product\/5002\/revisions"}],"predecessor-version":[{"id":5060,"href":"https:\/\/printalert.be\/fr\/wp-json\/wp\/v2\/product\/5002\/revisions\/5060"}],"wp:featuredmedia":[{"embeddable":true,"href":"https:\/\/printalert.be\/fr\/wp-json\/wp\/v2\/media\/3053"}],"wp:attachment":[{"href":"https:\/\/printalert.be\/fr\/wp-json\/wp\/v2\/media?parent=5002"}],"wp:term":[{"taxonomy":"product_brand","embeddable":true,"href":"https:\/\/printalert.be\/fr\/wp-json\/wp\/v2\/product_brand?post=5002"},{"taxonomy":"product_cat","embeddable":true,"href":"https:\/\/printalert.be\/fr\/wp-json\/wp\/v2\/product_cat?post=5002"},{"taxonomy":"product_tag","embeddable":true,"href":"https:\/\/printalert.be\/fr\/wp-json\/wp\/v2\/product_tag?post=5002"}],"curies":[{"name":"wp","href":"https:\/\/api.w.org\/{rel}","templated":true}]}}