{"id":5011,"date":"2025-07-04T12:54:45","date_gmt":"2025-07-04T12:54:45","guid":{"rendered":"https:\/\/printalert.be\/product\/stickers-sans-pvc\/"},"modified":"2026-01-02T15:54:44","modified_gmt":"2026-01-02T15:54:44","slug":"stickers-sans-pvc","status":"publish","type":"product","link":"https:\/\/printalert.be\/fr\/produit\/stickers-sans-pvc\/","title":{"rendered":"Stickers sans PVC"},"content":{"rendered":"","protected":false},"excerpt":{"rendered":"<p>Choisissez une option responsable avec nos autocollants sans PVC, id\u00e9aux pour une communication et un branding respectueux de l\u2019environnement. Con\u00e7us \u00e0 partir de mat\u00e9riaux recyclables, ils garantissent une excellente adh\u00e9rence et des couleurs vives sans faire de compromis. Parfaits pour une utilisation int\u00e9rieure et ext\u00e9rieure, avec une finition r\u00e9sistante aux intemp\u00e9ries. Commandez d\u00e8s maintenant et combinez visibilit\u00e9 et engagement \u00e9cologique !<\/p>\n","protected":false},"featured_media":4534,"comment_status":"open","ping_status":"closed","template":"","meta":{"brand_hub_restriction":[],"brand_hub_id":null},"product_brand":[],"product_cat":[283,242],"product_tag":[],"class_list":{"0":"post-5011","1":"product","2":"type-product","3":"status-publish","4":"has-post-thumbnail","6":"product_cat-stickers-labels-ecologiques","7":"product_cat-stickers-speciaux","9":"first","10":"instock","11":"taxable","12":"shipping-taxable","13":"purchasable","14":"product-type-simple"},"_links":{"self":[{"href":"https:\/\/printalert.be\/fr\/wp-json\/wp\/v2\/product\/5011","targetHints":{"allow":["GET"]}}],"collection":[{"href":"https:\/\/printalert.be\/fr\/wp-json\/wp\/v2\/product"}],"about":[{"href":"https:\/\/printalert.be\/fr\/wp-json\/wp\/v2\/types\/product"}],"replies":[{"embeddable":true,"href":"https:\/\/printalert.be\/fr\/wp-json\/wp\/v2\/comments?post=5011"}],"version-history":[{"count":1,"href":"https:\/\/printalert.be\/fr\/wp-json\/wp\/v2\/product\/5011\/revisions"}],"predecessor-version":[{"id":5065,"href":"https:\/\/printalert.be\/fr\/wp-json\/wp\/v2\/product\/5011\/revisions\/5065"}],"wp:featuredmedia":[{"embeddable":true,"href":"https:\/\/printalert.be\/fr\/wp-json\/wp\/v2\/media\/4534"}],"wp:attachment":[{"href":"https:\/\/printalert.be\/fr\/wp-json\/wp\/v2\/media?parent=5011"}],"wp:term":[{"taxonomy":"product_brand","embeddable":true,"href":"https:\/\/printalert.be\/fr\/wp-json\/wp\/v2\/product_brand?post=5011"},{"taxonomy":"product_cat","embeddable":true,"href":"https:\/\/printalert.be\/fr\/wp-json\/wp\/v2\/product_cat?post=5011"},{"taxonomy":"product_tag","embeddable":true,"href":"https:\/\/printalert.be\/fr\/wp-json\/wp\/v2\/product_tag?post=5011"}],"curies":[{"name":"wp","href":"https:\/\/api.w.org\/{rel}","templated":true}]}}