{"id":5014,"date":"2025-12-10T17:11:41","date_gmt":"2025-12-10T16:11:41","guid":{"rendered":"https:\/\/printalert.be\/product\/affiches-eco\/"},"modified":"2025-12-30T16:11:38","modified_gmt":"2025-12-30T16:11:38","slug":"affiches-eco","status":"publish","type":"product","link":"https:\/\/printalert.be\/fr\/produit\/affiches-eco\/","title":{"rendered":"Affiches \u00e9co"},"content":{"rendered":"","protected":false},"excerpt":{"rendered":"<p>Optez pour des affiches durables fabriqu\u00e9es en mat\u00e9riaux \u00e9cologiques. Parfaites pour la promotion, la sensibilisation et la d\u00e9coration. Personnalisez votre design et renforcez une image professionnelle responsable. Commandez facilement en ligne et faites ressortir votre message avec une solution d\u2019impression durable.<\/p>\n","protected":false},"featured_media":4385,"comment_status":"open","ping_status":"closed","template":"","meta":{"brand_hub_restriction":[],"brand_hub_id":null},"product_brand":[],"product_cat":[101,95],"product_tag":[],"class_list":{"0":"post-5014","1":"product","2":"type-product","3":"status-publish","4":"has-post-thumbnail","6":"product_cat-ecologique-impression-durable","7":"product_cat-promotion-fr","9":"first","10":"instock","11":"taxable","12":"shipping-taxable","13":"purchasable","14":"product-type-simple"},"_links":{"self":[{"href":"https:\/\/printalert.be\/fr\/wp-json\/wp\/v2\/product\/5014","targetHints":{"allow":["GET"]}}],"collection":[{"href":"https:\/\/printalert.be\/fr\/wp-json\/wp\/v2\/product"}],"about":[{"href":"https:\/\/printalert.be\/fr\/wp-json\/wp\/v2\/types\/product"}],"replies":[{"embeddable":true,"href":"https:\/\/printalert.be\/fr\/wp-json\/wp\/v2\/comments?post=5014"}],"version-history":[{"count":1,"href":"https:\/\/printalert.be\/fr\/wp-json\/wp\/v2\/product\/5014\/revisions"}],"predecessor-version":[{"id":5031,"href":"https:\/\/printalert.be\/fr\/wp-json\/wp\/v2\/product\/5014\/revisions\/5031"}],"wp:featuredmedia":[{"embeddable":true,"href":"https:\/\/printalert.be\/fr\/wp-json\/wp\/v2\/media\/4385"}],"wp:attachment":[{"href":"https:\/\/printalert.be\/fr\/wp-json\/wp\/v2\/media?parent=5014"}],"wp:term":[{"taxonomy":"product_brand","embeddable":true,"href":"https:\/\/printalert.be\/fr\/wp-json\/wp\/v2\/product_brand?post=5014"},{"taxonomy":"product_cat","embeddable":true,"href":"https:\/\/printalert.be\/fr\/wp-json\/wp\/v2\/product_cat?post=5014"},{"taxonomy":"product_tag","embeddable":true,"href":"https:\/\/printalert.be\/fr\/wp-json\/wp\/v2\/product_tag?post=5014"}],"curies":[{"name":"wp","href":"https:\/\/api.w.org\/{rel}","templated":true}]}}