{"id":5017,"date":"2025-12-08T14:33:21","date_gmt":"2025-12-08T13:33:21","guid":{"rendered":"https:\/\/printalert.be\/product\/papiers-a-en-tete-standard\/"},"modified":"2026-01-02T11:25:32","modified_gmt":"2026-01-02T11:25:32","slug":"papiers-a-en-tete-standard","status":"publish","type":"product","link":"https:\/\/printalert.be\/fr\/produit\/papiers-a-en-tete-standard\/","title":{"rendered":"Papiers \u00e0 en-t\u00eate standard"},"content":{"rendered":"","protected":false},"excerpt":{"rendered":"<p>Faites bonne impression avec du papier \u00e0 en-t\u00eate portant votre logo, votre identit\u00e9 visuelle ou votre message. Parfait pour la correspondance professionnelle, les devis et les factures. Commandez facilement en ligne et donnez \u00e0 chaque courrier une apparence professionnelle !<\/p>\n","protected":false},"featured_media":4346,"comment_status":"open","ping_status":"closed","template":"","meta":{"brand_hub_restriction":[],"brand_hub_id":null},"product_brand":[],"product_cat":[],"product_tag":[],"class_list":{"0":"post-5017","1":"product","2":"type-product","3":"status-publish","4":"has-post-thumbnail","7":"first","8":"instock","9":"taxable","10":"shipping-taxable","11":"purchasable","12":"product-type-simple"},"_links":{"self":[{"href":"https:\/\/printalert.be\/fr\/wp-json\/wp\/v2\/product\/5017","targetHints":{"allow":["GET"]}}],"collection":[{"href":"https:\/\/printalert.be\/fr\/wp-json\/wp\/v2\/product"}],"about":[{"href":"https:\/\/printalert.be\/fr\/wp-json\/wp\/v2\/types\/product"}],"replies":[{"embeddable":true,"href":"https:\/\/printalert.be\/fr\/wp-json\/wp\/v2\/comments?post=5017"}],"version-history":[{"count":1,"href":"https:\/\/printalert.be\/fr\/wp-json\/wp\/v2\/product\/5017\/revisions"}],"predecessor-version":[{"id":5067,"href":"https:\/\/printalert.be\/fr\/wp-json\/wp\/v2\/product\/5017\/revisions\/5067"}],"wp:featuredmedia":[{"embeddable":true,"href":"https:\/\/printalert.be\/fr\/wp-json\/wp\/v2\/media\/4346"}],"wp:attachment":[{"href":"https:\/\/printalert.be\/fr\/wp-json\/wp\/v2\/media?parent=5017"}],"wp:term":[{"taxonomy":"product_brand","embeddable":true,"href":"https:\/\/printalert.be\/fr\/wp-json\/wp\/v2\/product_brand?post=5017"},{"taxonomy":"product_cat","embeddable":true,"href":"https:\/\/printalert.be\/fr\/wp-json\/wp\/v2\/product_cat?post=5017"},{"taxonomy":"product_tag","embeddable":true,"href":"https:\/\/printalert.be\/fr\/wp-json\/wp\/v2\/product_tag?post=5017"}],"curies":[{"name":"wp","href":"https:\/\/api.w.org\/{rel}","templated":true}]}}