{"id":5192,"date":"2025-12-04T18:31:10","date_gmt":"2025-12-04T18:31:10","guid":{"rendered":"https:\/\/printalert.be\/product\/depliants-papier-standard\/"},"modified":"2026-02-16T13:02:28","modified_gmt":"2026-02-16T13:02:28","slug":"depliants-papier-standard","status":"publish","type":"product","link":"https:\/\/printalert.be\/fr\/produit\/depliants-papier-standard\/","title":{"rendered":"D\u00e9pliants papier standard"},"content":{"rendered":"","protected":false},"excerpt":{"rendered":"<p>Transmettez votre message de fa\u00e7on claire et percutante avec des brochures personnalis\u00e9es. Parfaites pour les promotions, les pr\u00e9sentations de produits ou les communications d\u2019entreprise. Optez parmi plusieurs formats et types de plis, tels que mini-brochures, pli accord\u00e9on ou portefeuille. Gr\u00e2ce \u00e0 notre impression de haute qualit\u00e9, vos couleurs seront \u00e9clatantes et les d\u00e9tails bien pr\u00e9cis. Commandez facilement et rapidement pour pr\u00e9senter vos informations de mani\u00e8re professionnelle et impactante !<\/p>\n","protected":false},"featured_media":4821,"comment_status":"open","ping_status":"closed","template":"","meta":{"brand_hub_restriction":[],"brand_hub_id":null},"product_brand":[],"product_cat":[81],"product_tag":[],"class_list":{"0":"post-5192","1":"product","2":"type-product","3":"status-publish","4":"has-post-thumbnail","6":"product_cat-geen-categorie","8":"first","9":"instock","10":"taxable","11":"shipping-taxable","12":"purchasable","13":"product-type-simple"},"_links":{"self":[{"href":"https:\/\/printalert.be\/fr\/wp-json\/wp\/v2\/product\/5192","targetHints":{"allow":["GET"]}}],"collection":[{"href":"https:\/\/printalert.be\/fr\/wp-json\/wp\/v2\/product"}],"about":[{"href":"https:\/\/printalert.be\/fr\/wp-json\/wp\/v2\/types\/product"}],"replies":[{"embeddable":true,"href":"https:\/\/printalert.be\/fr\/wp-json\/wp\/v2\/comments?post=5192"}],"version-history":[{"count":0,"href":"https:\/\/printalert.be\/fr\/wp-json\/wp\/v2\/product\/5192\/revisions"}],"wp:featuredmedia":[{"embeddable":true,"href":"https:\/\/printalert.be\/fr\/wp-json\/wp\/v2\/media\/4821"}],"wp:attachment":[{"href":"https:\/\/printalert.be\/fr\/wp-json\/wp\/v2\/media?parent=5192"}],"wp:term":[{"taxonomy":"product_brand","embeddable":true,"href":"https:\/\/printalert.be\/fr\/wp-json\/wp\/v2\/product_brand?post=5192"},{"taxonomy":"product_cat","embeddable":true,"href":"https:\/\/printalert.be\/fr\/wp-json\/wp\/v2\/product_cat?post=5192"},{"taxonomy":"product_tag","embeddable":true,"href":"https:\/\/printalert.be\/fr\/wp-json\/wp\/v2\/product_tag?post=5192"}],"curies":[{"name":"wp","href":"https:\/\/api.w.org\/{rel}","templated":true}]}}